{"id":726226,"date":"2026-04-01T19:08:21","date_gmt":"2026-04-01T18:08:21","guid":{"rendered":"https:\/\/shop.kustom.ch\/?post_type=product&#038;p=726226"},"modified":"2026-04-01T19:09:44","modified_gmt":"2026-04-01T18:09:44","slug":"rukkaflex-jacke","status":"publish","type":"product","link":"https:\/\/shop.kustom.ch\/fr\/produit\/rukkaflex-jacke\/","title":{"rendered":"Veste Rukkaflex"},"content":{"rendered":"<p>Cette veste de pluie r\u00e9sistante et respirante en tissu PU \u00e9lastique r\u00e9siste bien \u00e0 l'usure. La goutti\u00e8re \u00e0 l'ourlet offre une protection suppl\u00e9mentaire si l'on n'a pas le pantalon de pluie ad\u00e9quat.&nbsp;<\/p>","protected":false},"excerpt":{"rendered":"<p>Cette veste de pluie r\u00e9sistante et respirante en tissu PU \u00e9lastique r\u00e9siste bien \u00e0 l'usure. La goutti\u00e8re \u00e0 l'ourlet offre une protection suppl\u00e9mentaire si l'on n'a pas le pantalon de pluie ad\u00e9quat.&nbsp;<\/p>","protected":false},"featured_media":726270,"template":"","meta":[],"product_brand":[],"product_cat":[4186],"product_tag":[],"class_list":{"0":"post-726226","1":"product","2":"type-product","3":"status-publish","4":"has-post-thumbnail","6":"product_cat-jacken","7":"pa_brand-rukka","8":"pa_brand-type-workwear","9":"pa_filter-color-blau","10":"pa_filter-color-grau","11":"pa_filter-color-orange","13":"first","14":"instock","15":"taxable","16":"shipping-taxable","17":"purchasable","18":"product-type-variable","19":"add-to-wishlist-before_image"},"exclude_global_add_ons":[],"addons":[],"acf":[],"_links":{"self":[{"href":"https:\/\/shop.kustom.ch\/fr\/wp-json\/wp\/v2\/product\/726226"}],"collection":[{"href":"https:\/\/shop.kustom.ch\/fr\/wp-json\/wp\/v2\/product"}],"about":[{"href":"https:\/\/shop.kustom.ch\/fr\/wp-json\/wp\/v2\/types\/product"}],"wp:featuredmedia":[{"embeddable":true,"href":"https:\/\/shop.kustom.ch\/fr\/wp-json\/wp\/v2\/media\/726270"}],"wp:attachment":[{"href":"https:\/\/shop.kustom.ch\/fr\/wp-json\/wp\/v2\/media?parent=726226"}],"wp:term":[{"taxonomy":"product_brand","embeddable":true,"href":"https:\/\/shop.kustom.ch\/fr\/wp-json\/wp\/v2\/product_brand?post=726226"},{"taxonomy":"product_cat","embeddable":true,"href":"https:\/\/shop.kustom.ch\/fr\/wp-json\/wp\/v2\/product_cat?post=726226"},{"taxonomy":"product_tag","embeddable":true,"href":"https:\/\/shop.kustom.ch\/fr\/wp-json\/wp\/v2\/product_tag?post=726226"}],"curies":[{"name":"wp","href":"https:\/\/api.w.org\/{rel}","templated":true}]}}