{"id":726225,"date":"2026-04-01T19:08:21","date_gmt":"2026-04-01T18:08:21","guid":{"rendered":"https:\/\/shop.kustom.ch\/?post_type=product&#038;p=726225"},"modified":"2026-04-01T19:09:15","modified_gmt":"2026-04-01T18:09:15","slug":"r-flex-jacke","status":"publish","type":"product","link":"https:\/\/shop.kustom.ch\/fr\/produit\/r-flex-jacke\/","title":{"rendered":"Veste R-Flex"},"content":{"rendered":"<p>Veste R-Flex. Certifi\u00e9e selon EN ISO 20471 Cl. 3. Bi-Elast PU\/PES 100% imperm\u00e9able et coupe-vent (10\u2019000) 2 poches ext\u00e9rieures, goutti\u00e8re \u00e0 l'ourlet, capuche au col.<\/p>","protected":false},"excerpt":{"rendered":"<p>Veste R-Flex. Certifi\u00e9e selon EN ISO 20471 Cl. 3. Bi-Elast PU\/PES 100% imperm\u00e9able et coupe-vent (10\u2019000) 2 poches ext\u00e9rieures, goutti\u00e8re \u00e0 l'ourlet, capuche au col.<\/p>","protected":false},"featured_media":726252,"template":"","meta":[],"product_brand":[],"product_cat":[4186],"product_tag":[],"class_list":{"0":"post-726225","1":"product","2":"type-product","3":"status-publish","4":"has-post-thumbnail","6":"product_cat-jacken","7":"pa_brand-rukka","8":"pa_brand-type-workwear","9":"pa_filter-color-gelb","10":"pa_filter-color-orange","12":"first","13":"instock","14":"taxable","15":"shipping-taxable","16":"purchasable","17":"product-type-variable","18":"add-to-wishlist-before_image"},"exclude_global_add_ons":[],"addons":[],"acf":[],"_links":{"self":[{"href":"https:\/\/shop.kustom.ch\/fr\/wp-json\/wp\/v2\/product\/726225"}],"collection":[{"href":"https:\/\/shop.kustom.ch\/fr\/wp-json\/wp\/v2\/product"}],"about":[{"href":"https:\/\/shop.kustom.ch\/fr\/wp-json\/wp\/v2\/types\/product"}],"wp:featuredmedia":[{"embeddable":true,"href":"https:\/\/shop.kustom.ch\/fr\/wp-json\/wp\/v2\/media\/726252"}],"wp:attachment":[{"href":"https:\/\/shop.kustom.ch\/fr\/wp-json\/wp\/v2\/media?parent=726225"}],"wp:term":[{"taxonomy":"product_brand","embeddable":true,"href":"https:\/\/shop.kustom.ch\/fr\/wp-json\/wp\/v2\/product_brand?post=726225"},{"taxonomy":"product_cat","embeddable":true,"href":"https:\/\/shop.kustom.ch\/fr\/wp-json\/wp\/v2\/product_cat?post=726225"},{"taxonomy":"product_tag","embeddable":true,"href":"https:\/\/shop.kustom.ch\/fr\/wp-json\/wp\/v2\/product_tag?post=726225"}],"curies":[{"name":"wp","href":"https:\/\/api.w.org\/{rel}","templated":true}]}}