{"id":726224,"date":"2026-04-01T19:08:21","date_gmt":"2026-04-01T18:08:21","guid":{"rendered":"https:\/\/shop.kustom.ch\/?post_type=product&#038;p=726224"},"modified":"2026-04-01T19:08:46","modified_gmt":"2026-04-01T18:08:46","slug":"pilot-lumber","status":"publish","type":"product","link":"https:\/\/shop.kustom.ch\/fr\/produit\/pilot-lumber\/","title":{"rendered":"Bois de pilote"},"content":{"rendered":"<p>Pilote . L\u00e9g\u00e8rement plus longue que le mod\u00e8le classique et certifi\u00e9e EN ISO 20471 Cl. 3, cette veste offre une visibilit\u00e9 et une s\u00e9curit\u00e9 maximales.<\/p>","protected":false},"excerpt":{"rendered":"<p>Pilote . L\u00e9g\u00e8rement plus longue que le mod\u00e8le classique et certifi\u00e9e EN ISO 20471 Cl. 3, cette veste offre une visibilit\u00e9 et une s\u00e9curit\u00e9 maximales.<\/p>","protected":false},"featured_media":726245,"template":"","meta":[],"product_brand":[],"product_cat":[4186],"product_tag":[],"class_list":{"0":"post-726224","1":"product","2":"type-product","3":"status-publish","4":"has-post-thumbnail","6":"product_cat-jacken","7":"pa_brand-rukka","8":"pa_brand-type-workwear","9":"pa_filter-color-orange","11":"first","12":"instock","13":"taxable","14":"shipping-taxable","15":"purchasable","16":"product-type-variable","17":"add-to-wishlist-before_image"},"exclude_global_add_ons":[],"addons":[],"acf":[],"_links":{"self":[{"href":"https:\/\/shop.kustom.ch\/fr\/wp-json\/wp\/v2\/product\/726224"}],"collection":[{"href":"https:\/\/shop.kustom.ch\/fr\/wp-json\/wp\/v2\/product"}],"about":[{"href":"https:\/\/shop.kustom.ch\/fr\/wp-json\/wp\/v2\/types\/product"}],"wp:featuredmedia":[{"embeddable":true,"href":"https:\/\/shop.kustom.ch\/fr\/wp-json\/wp\/v2\/media\/726245"}],"wp:attachment":[{"href":"https:\/\/shop.kustom.ch\/fr\/wp-json\/wp\/v2\/media?parent=726224"}],"wp:term":[{"taxonomy":"product_brand","embeddable":true,"href":"https:\/\/shop.kustom.ch\/fr\/wp-json\/wp\/v2\/product_brand?post=726224"},{"taxonomy":"product_cat","embeddable":true,"href":"https:\/\/shop.kustom.ch\/fr\/wp-json\/wp\/v2\/product_cat?post=726224"},{"taxonomy":"product_tag","embeddable":true,"href":"https:\/\/shop.kustom.ch\/fr\/wp-json\/wp\/v2\/product_tag?post=726224"}],"curies":[{"name":"wp","href":"https:\/\/api.w.org\/{rel}","templated":true}]}}