{"id":726118,"date":"2026-04-01T19:07:04","date_gmt":"2026-04-01T18:07:04","guid":{"rendered":"https:\/\/shop.kustom.ch\/?post_type=product&#038;p=726118"},"modified":"2026-04-01T19:08:14","modified_gmt":"2026-04-01T18:08:14","slug":"blaze-kids-winterjacke","status":"publish","type":"product","link":"https:\/\/shop.kustom.ch\/fr\/produit\/blaze-kids-winterjacke\/","title":{"rendered":"Veste d'hiver Blaze Kids"},"content":{"rendered":"<p>Blaze . Cette veste r\u00e9sistante aux intemp\u00e9ries pour enfants est absolument fiable par tous les temps. Elle est piqu\u00e9e d'un c\u00f4t\u00e9 et fortement r\u00e9fl\u00e9chissante de l'autre, de sorte qu'elle peut \u00eatre port\u00e9e de mani\u00e8re discr\u00e8te ou bien visible selon les besoins, par exemple \u00e0 v\u00e9lo ou sur le chemin de l'\u00e9cole.<\/p>","protected":false},"excerpt":{"rendered":"<p>Blaze . Cette veste r\u00e9sistante aux intemp\u00e9ries pour enfants est absolument fiable par tous les temps. Elle est piqu\u00e9e d'un c\u00f4t\u00e9 et fortement r\u00e9fl\u00e9chissante de l'autre, de sorte qu'elle peut \u00eatre port\u00e9e de mani\u00e8re discr\u00e8te ou bien visible selon les besoins, par exemple \u00e0 v\u00e9lo ou sur le chemin de l'\u00e9cole.<\/p>","protected":false},"featured_media":726152,"template":"","meta":[],"product_brand":[],"product_cat":[4186],"product_tag":[],"class_list":{"0":"post-726118","1":"product","2":"type-product","3":"status-publish","4":"has-post-thumbnail","6":"product_cat-jacken","7":"pa_brand-rukka","8":"pa_brand-type-workwear","9":"pa_filter-color-blau","10":"pa_filter-color-braun","11":"pa_filter-color-gelb","13":"first","14":"instock","15":"taxable","16":"shipping-taxable","17":"purchasable","18":"product-type-variable","19":"add-to-wishlist-before_image"},"exclude_global_add_ons":[],"addons":[],"acf":[],"_links":{"self":[{"href":"https:\/\/shop.kustom.ch\/fr\/wp-json\/wp\/v2\/product\/726118"}],"collection":[{"href":"https:\/\/shop.kustom.ch\/fr\/wp-json\/wp\/v2\/product"}],"about":[{"href":"https:\/\/shop.kustom.ch\/fr\/wp-json\/wp\/v2\/types\/product"}],"wp:featuredmedia":[{"embeddable":true,"href":"https:\/\/shop.kustom.ch\/fr\/wp-json\/wp\/v2\/media\/726152"}],"wp:attachment":[{"href":"https:\/\/shop.kustom.ch\/fr\/wp-json\/wp\/v2\/media?parent=726118"}],"wp:term":[{"taxonomy":"product_brand","embeddable":true,"href":"https:\/\/shop.kustom.ch\/fr\/wp-json\/wp\/v2\/product_brand?post=726118"},{"taxonomy":"product_cat","embeddable":true,"href":"https:\/\/shop.kustom.ch\/fr\/wp-json\/wp\/v2\/product_cat?post=726118"},{"taxonomy":"product_tag","embeddable":true,"href":"https:\/\/shop.kustom.ch\/fr\/wp-json\/wp\/v2\/product_tag?post=726118"}],"curies":[{"name":"wp","href":"https:\/\/api.w.org\/{rel}","templated":true}]}}