{"id":726117,"date":"2026-04-01T19:07:04","date_gmt":"2026-04-01T18:07:04","guid":{"rendered":"https:\/\/shop.kustom.ch\/?post_type=product&#038;p=726117"},"modified":"2026-04-01T19:07:51","modified_gmt":"2026-04-01T18:07:51","slug":"lio-kinder-winter-overall","status":"publish","type":"product","link":"https:\/\/shop.kustom.ch\/fr\/produit\/lio-kinder-winter-overall\/","title":{"rendered":"Combinaison d'hiver Lio enfants"},"content":{"rendered":"<p>Lio. Cette combinaison est un must absolu pour tous les petits aventuriers. Les zones renforc\u00e9es assurent une stabilit\u00e9 et une durabilit\u00e9 suppl\u00e9mentaires, tandis que la combinaison est n\u00e9anmoins agr\u00e9able \u00e0 porter et offre une libert\u00e9 de mouvement suffisante pour toutes les activit\u00e9s.<\/p>","protected":false},"excerpt":{"rendered":"<p>Lio. Cette combinaison est un must absolu pour tous les petits aventuriers. Les zones renforc\u00e9es assurent une stabilit\u00e9 et une durabilit\u00e9 suppl\u00e9mentaires, tandis que la combinaison est n\u00e9anmoins agr\u00e9able \u00e0 porter et offre une libert\u00e9 de mouvement suffisante pour toutes les activit\u00e9s.<\/p>","protected":false},"featured_media":726135,"template":"","meta":[],"product_brand":[],"product_cat":[4186],"product_tag":[],"class_list":{"0":"post-726117","1":"product","2":"type-product","3":"status-publish","4":"has-post-thumbnail","6":"product_cat-jacken","7":"pa_brand-rukka","8":"pa_brand-type-workwear","9":"pa_filter-color-blau","10":"pa_filter-color-violet","12":"first","13":"instock","14":"taxable","15":"shipping-taxable","16":"purchasable","17":"product-type-variable","18":"add-to-wishlist-before_image"},"exclude_global_add_ons":[],"addons":[],"acf":[],"_links":{"self":[{"href":"https:\/\/shop.kustom.ch\/fr\/wp-json\/wp\/v2\/product\/726117"}],"collection":[{"href":"https:\/\/shop.kustom.ch\/fr\/wp-json\/wp\/v2\/product"}],"about":[{"href":"https:\/\/shop.kustom.ch\/fr\/wp-json\/wp\/v2\/types\/product"}],"wp:featuredmedia":[{"embeddable":true,"href":"https:\/\/shop.kustom.ch\/fr\/wp-json\/wp\/v2\/media\/726135"}],"wp:attachment":[{"href":"https:\/\/shop.kustom.ch\/fr\/wp-json\/wp\/v2\/media?parent=726117"}],"wp:term":[{"taxonomy":"product_brand","embeddable":true,"href":"https:\/\/shop.kustom.ch\/fr\/wp-json\/wp\/v2\/product_brand?post=726117"},{"taxonomy":"product_cat","embeddable":true,"href":"https:\/\/shop.kustom.ch\/fr\/wp-json\/wp\/v2\/product_cat?post=726117"},{"taxonomy":"product_tag","embeddable":true,"href":"https:\/\/shop.kustom.ch\/fr\/wp-json\/wp\/v2\/product_tag?post=726117"}],"curies":[{"name":"wp","href":"https:\/\/api.w.org\/{rel}","templated":true}]}}