{"id":725989,"date":"2026-04-01T19:05:16","date_gmt":"2026-04-01T18:05:16","guid":{"rendered":"https:\/\/shop.kustom.ch\/?post_type=product&#038;p=725989"},"modified":"2026-04-01T19:06:09","modified_gmt":"2026-04-01T18:06:09","slug":"burner-kinder-skihose","status":"publish","type":"product","link":"https:\/\/shop.kustom.ch\/fr\/produit\/burner-kinder-skihose\/","title":{"rendered":"Burner Pantalon de ski pour enfants"},"content":{"rendered":"<p>Burner . Avec sa bavette haute, la salopette de ski BURNER est optimale pour la piste et prot\u00e8ge de la neige. Gr\u00e2ce aux hanches chaudes, on reste au chaud m\u00eame par temps froid.<\/p>","protected":false},"excerpt":{"rendered":"<p>Burner . Avec sa bavette haute, la salopette de ski BURNER est optimale pour la piste et prot\u00e8ge de la neige. Gr\u00e2ce aux hanches chaudes, on reste au chaud m\u00eame par temps froid.<\/p>","protected":false},"featured_media":726024,"template":"","meta":[],"product_brand":[],"product_cat":[4185],"product_tag":[],"class_list":{"0":"post-725989","1":"product","2":"type-product","3":"status-publish","4":"has-post-thumbnail","6":"product_cat-hosen","7":"pa_brand-rukka","8":"pa_brand-type-workwear","9":"pa_filter-color-grau","10":"pa_filter-color-schwarz","12":"first","13":"instock","14":"taxable","15":"shipping-taxable","16":"purchasable","17":"product-type-variable","18":"add-to-wishlist-before_image"},"exclude_global_add_ons":[],"addons":[],"acf":[],"_links":{"self":[{"href":"https:\/\/shop.kustom.ch\/fr\/wp-json\/wp\/v2\/product\/725989"}],"collection":[{"href":"https:\/\/shop.kustom.ch\/fr\/wp-json\/wp\/v2\/product"}],"about":[{"href":"https:\/\/shop.kustom.ch\/fr\/wp-json\/wp\/v2\/types\/product"}],"wp:featuredmedia":[{"embeddable":true,"href":"https:\/\/shop.kustom.ch\/fr\/wp-json\/wp\/v2\/media\/726024"}],"wp:attachment":[{"href":"https:\/\/shop.kustom.ch\/fr\/wp-json\/wp\/v2\/media?parent=725989"}],"wp:term":[{"taxonomy":"product_brand","embeddable":true,"href":"https:\/\/shop.kustom.ch\/fr\/wp-json\/wp\/v2\/product_brand?post=725989"},{"taxonomy":"product_cat","embeddable":true,"href":"https:\/\/shop.kustom.ch\/fr\/wp-json\/wp\/v2\/product_cat?post=725989"},{"taxonomy":"product_tag","embeddable":true,"href":"https:\/\/shop.kustom.ch\/fr\/wp-json\/wp\/v2\/product_tag?post=725989"}],"curies":[{"name":"wp","href":"https:\/\/api.w.org\/{rel}","templated":true}]}}