{"id":725893,"date":"2026-04-01T19:03:33","date_gmt":"2026-04-01T18:03:33","guid":{"rendered":"https:\/\/shop.kustom.ch\/?post_type=product&#038;p=725893"},"modified":"2026-04-01T19:05:44","modified_gmt":"2026-04-01T18:05:44","slug":"champion-kinder-winterjacke","status":"publish","type":"product","link":"https:\/\/shop.kustom.ch\/fr\/produit\/champion-kinder-winterjacke\/","title":{"rendered":"Champion Veste d'hiver pour enfants"},"content":{"rendered":"<p>Champion. Avec cette veste de ski, les enfants sont parfaitement \u00e9quip\u00e9s sur les pistes de ski et sur le chemin de l'\u00e9cole. La veste est multicolore, cool et absolument imperm\u00e9able et coupe-vent. Les enfants peuvent ainsi profiter pleinement de l'hiver.<\/p>","protected":false},"excerpt":{"rendered":"<p>Champion. Avec cette veste de ski, les enfants sont parfaitement \u00e9quip\u00e9s sur les pistes de ski et sur le chemin de l'\u00e9cole. La veste est multicolore, cool et absolument imperm\u00e9able et coupe-vent. Les enfants peuvent ainsi profiter pleinement de l'hiver.<\/p>","protected":false},"featured_media":725942,"template":"","meta":[],"product_brand":[],"product_cat":[4186],"product_tag":[],"class_list":{"0":"post-725893","1":"product","2":"type-product","3":"status-publish","4":"has-post-thumbnail","6":"product_cat-jacken","7":"pa_brand-rukka","8":"pa_brand-type-workwear","9":"pa_filter-color-blau","10":"pa_filter-color-braun","11":"pa_filter-color-gelb","12":"pa_filter-color-orange","13":"pa_filter-color-rot","14":"pa_filter-color-violet","16":"first","17":"instock","18":"taxable","19":"shipping-taxable","20":"purchasable","21":"product-type-variable","22":"add-to-wishlist-before_image"},"exclude_global_add_ons":[],"addons":[],"acf":[],"_links":{"self":[{"href":"https:\/\/shop.kustom.ch\/fr\/wp-json\/wp\/v2\/product\/725893"}],"collection":[{"href":"https:\/\/shop.kustom.ch\/fr\/wp-json\/wp\/v2\/product"}],"about":[{"href":"https:\/\/shop.kustom.ch\/fr\/wp-json\/wp\/v2\/types\/product"}],"wp:featuredmedia":[{"embeddable":true,"href":"https:\/\/shop.kustom.ch\/fr\/wp-json\/wp\/v2\/media\/725942"}],"wp:attachment":[{"href":"https:\/\/shop.kustom.ch\/fr\/wp-json\/wp\/v2\/media?parent=725893"}],"wp:term":[{"taxonomy":"product_brand","embeddable":true,"href":"https:\/\/shop.kustom.ch\/fr\/wp-json\/wp\/v2\/product_brand?post=725893"},{"taxonomy":"product_cat","embeddable":true,"href":"https:\/\/shop.kustom.ch\/fr\/wp-json\/wp\/v2\/product_cat?post=725893"},{"taxonomy":"product_tag","embeddable":true,"href":"https:\/\/shop.kustom.ch\/fr\/wp-json\/wp\/v2\/product_tag?post=725893"}],"curies":[{"name":"wp","href":"https:\/\/api.w.org\/{rel}","templated":true}]}}