{"id":725863,"date":"2026-04-01T19:03:04","date_gmt":"2026-04-01T18:03:04","guid":{"rendered":"https:\/\/shop.kustom.ch\/?post_type=product&#038;p=725863"},"modified":"2026-04-01T19:04:18","modified_gmt":"2026-04-01T18:04:18","slug":"splash-kinder-regenoverall","status":"publish","type":"product","link":"https:\/\/shop.kustom.ch\/fr\/produit\/splash-kinder-regenoverall\/","title":{"rendered":"Splash Combinaison de pluie pour enfants"},"content":{"rendered":"<p>Splash . Cette combinaison est robuste et durable gr\u00e2ce \u00e0 ses renforts et prot\u00e8ge la prog\u00e9niture du vent et de l'eau.<\/p>","protected":false},"excerpt":{"rendered":"<p>Splash . Cette combinaison est robuste et durable gr\u00e2ce \u00e0 ses renforts et prot\u00e8ge la prog\u00e9niture du vent et de l'eau.<\/p>","protected":false},"featured_media":725908,"template":"","meta":[],"product_brand":[],"product_cat":[4186],"product_tag":[],"class_list":{"0":"post-725863","1":"product","2":"type-product","3":"status-publish","4":"has-post-thumbnail","6":"product_cat-jacken","7":"pa_brand-rukka","8":"pa_brand-type-workwear","9":"pa_filter-color-blau","10":"pa_filter-color-gruen","11":"pa_filter-color-violet","13":"first","14":"instock","15":"taxable","16":"shipping-taxable","17":"purchasable","18":"product-type-variable","19":"add-to-wishlist-before_image"},"exclude_global_add_ons":[],"addons":[],"acf":[],"_links":{"self":[{"href":"https:\/\/shop.kustom.ch\/fr\/wp-json\/wp\/v2\/product\/725863"}],"collection":[{"href":"https:\/\/shop.kustom.ch\/fr\/wp-json\/wp\/v2\/product"}],"about":[{"href":"https:\/\/shop.kustom.ch\/fr\/wp-json\/wp\/v2\/types\/product"}],"wp:featuredmedia":[{"embeddable":true,"href":"https:\/\/shop.kustom.ch\/fr\/wp-json\/wp\/v2\/media\/725908"}],"wp:attachment":[{"href":"https:\/\/shop.kustom.ch\/fr\/wp-json\/wp\/v2\/media?parent=725863"}],"wp:term":[{"taxonomy":"product_brand","embeddable":true,"href":"https:\/\/shop.kustom.ch\/fr\/wp-json\/wp\/v2\/product_brand?post=725863"},{"taxonomy":"product_cat","embeddable":true,"href":"https:\/\/shop.kustom.ch\/fr\/wp-json\/wp\/v2\/product_cat?post=725863"},{"taxonomy":"product_tag","embeddable":true,"href":"https:\/\/shop.kustom.ch\/fr\/wp-json\/wp\/v2\/product_tag?post=725863"}],"curies":[{"name":"wp","href":"https:\/\/api.w.org\/{rel}","templated":true}]}}