{"id":725862,"date":"2026-04-01T19:03:04","date_gmt":"2026-04-01T18:03:04","guid":{"rendered":"https:\/\/shop.kustom.ch\/?post_type=product&#038;p=725862"},"modified":"2026-04-01T19:03:53","modified_gmt":"2026-04-01T18:03:53","slug":"travelino-kinder-regenjacke","status":"publish","type":"product","link":"https:\/\/shop.kustom.ch\/fr\/produit\/travelino-kinder-regenjacke\/","title":{"rendered":"Veste de pluie pour enfants Travelino"},"content":{"rendered":"<p>La veste Travelino. Cette veste de pluie l\u00e9g\u00e8re et pliable est toujours \u00e0 port\u00e9e de main gr\u00e2ce \u00e0 son sac pratique (gymbag).<\/p>","protected":false},"excerpt":{"rendered":"<p>La veste Travelino. Cette veste de pluie l\u00e9g\u00e8re et pliable est toujours \u00e0 port\u00e9e de main gr\u00e2ce \u00e0 son sac pratique (gymbag).<\/p>","protected":false},"featured_media":725882,"template":"","meta":[],"product_brand":[],"product_cat":[4186],"product_tag":[],"class_list":{"0":"post-725862","1":"product","2":"type-product","3":"status-publish","4":"has-post-thumbnail","6":"product_cat-jacken","7":"pa_brand-rukka","8":"pa_brand-type-workwear","9":"pa_filter-color-blau","10":"pa_filter-color-violet","12":"first","13":"instock","14":"taxable","15":"shipping-taxable","16":"purchasable","17":"product-type-variable","18":"add-to-wishlist-before_image"},"exclude_global_add_ons":[],"addons":[],"acf":[],"_links":{"self":[{"href":"https:\/\/shop.kustom.ch\/fr\/wp-json\/wp\/v2\/product\/725862"}],"collection":[{"href":"https:\/\/shop.kustom.ch\/fr\/wp-json\/wp\/v2\/product"}],"about":[{"href":"https:\/\/shop.kustom.ch\/fr\/wp-json\/wp\/v2\/types\/product"}],"wp:featuredmedia":[{"embeddable":true,"href":"https:\/\/shop.kustom.ch\/fr\/wp-json\/wp\/v2\/media\/725882"}],"wp:attachment":[{"href":"https:\/\/shop.kustom.ch\/fr\/wp-json\/wp\/v2\/media?parent=725862"}],"wp:term":[{"taxonomy":"product_brand","embeddable":true,"href":"https:\/\/shop.kustom.ch\/fr\/wp-json\/wp\/v2\/product_brand?post=725862"},{"taxonomy":"product_cat","embeddable":true,"href":"https:\/\/shop.kustom.ch\/fr\/wp-json\/wp\/v2\/product_cat?post=725862"},{"taxonomy":"product_tag","embeddable":true,"href":"https:\/\/shop.kustom.ch\/fr\/wp-json\/wp\/v2\/product_tag?post=725862"}],"curies":[{"name":"wp","href":"https:\/\/api.w.org\/{rel}","templated":true}]}}