{"id":725711,"date":"2026-04-01T19:01:13","date_gmt":"2026-04-01T18:01:13","guid":{"rendered":"https:\/\/shop.kustom.ch\/?post_type=product&#038;p=725711"},"modified":"2026-04-01T19:02:35","modified_gmt":"2026-04-01T18:02:35","slug":"erik-kinder-fleece-zip-hoodie","status":"publish","type":"product","link":"https:\/\/shop.kustom.ch\/fr\/produit\/erik-kinder-fleece-zip-hoodie\/","title":{"rendered":"Sweat-shirt zipp\u00e9 en laine polaire Erik pour enfants"},"content":{"rendered":"<p>Erik . Cette veste en polaire n'est pas seulement cool, elle est aussi super l\u00e9g\u00e8re et agr\u00e9ablement isolante. Elle est le compagnon id\u00e9al pour un usage quotidien et gr\u00e2ce \u00e0 la qualit\u00e9 sup\u00e9rieure du micro-polaire, elle conserve ses couleurs et sa forme m\u00eame apr\u00e8s de nombreux lavages.<\/p>","protected":false},"excerpt":{"rendered":"<p>Erik . Cette veste en polaire n'est pas seulement cool, elle est aussi super l\u00e9g\u00e8re et agr\u00e9ablement isolante. Elle est le compagnon id\u00e9al pour un usage quotidien et gr\u00e2ce \u00e0 la qualit\u00e9 sup\u00e9rieure du micro-polaire, elle conserve ses couleurs et sa forme m\u00eame apr\u00e8s de nombreux lavages.<\/p>","protected":false},"featured_media":725739,"template":"","meta":[],"product_brand":[],"product_cat":[4184],"product_tag":[],"class_list":{"0":"post-725711","1":"product","2":"type-product","3":"status-publish","4":"has-post-thumbnail","6":"product_cat-hoodies-pullover","7":"pa_brand-rukka","8":"pa_brand-type-workwear","9":"pa_filter-color-blau","10":"pa_filter-color-gelb","11":"pa_filter-color-gruen","12":"pa_filter-color-pink","14":"first","15":"instock","16":"taxable","17":"shipping-taxable","18":"purchasable","19":"product-type-variable","20":"add-to-wishlist-before_image"},"exclude_global_add_ons":[],"addons":[],"acf":[],"_links":{"self":[{"href":"https:\/\/shop.kustom.ch\/fr\/wp-json\/wp\/v2\/product\/725711"}],"collection":[{"href":"https:\/\/shop.kustom.ch\/fr\/wp-json\/wp\/v2\/product"}],"about":[{"href":"https:\/\/shop.kustom.ch\/fr\/wp-json\/wp\/v2\/types\/product"}],"wp:featuredmedia":[{"embeddable":true,"href":"https:\/\/shop.kustom.ch\/fr\/wp-json\/wp\/v2\/media\/725739"}],"wp:attachment":[{"href":"https:\/\/shop.kustom.ch\/fr\/wp-json\/wp\/v2\/media?parent=725711"}],"wp:term":[{"taxonomy":"product_brand","embeddable":true,"href":"https:\/\/shop.kustom.ch\/fr\/wp-json\/wp\/v2\/product_brand?post=725711"},{"taxonomy":"product_cat","embeddable":true,"href":"https:\/\/shop.kustom.ch\/fr\/wp-json\/wp\/v2\/product_cat?post=725711"},{"taxonomy":"product_tag","embeddable":true,"href":"https:\/\/shop.kustom.ch\/fr\/wp-json\/wp\/v2\/product_tag?post=725711"}],"curies":[{"name":"wp","href":"https:\/\/api.w.org\/{rel}","templated":true}]}}