{"id":725686,"date":"2026-04-01T19:00:42","date_gmt":"2026-04-01T18:00:42","guid":{"rendered":"https:\/\/shop.kustom.ch\/?post_type=product&#038;p=725686"},"modified":"2026-04-01T19:01:42","modified_gmt":"2026-04-01T18:01:42","slug":"zora-wattierter-rock","status":"publish","type":"product","link":"https:\/\/shop.kustom.ch\/fr\/produit\/zora-wattierter-rock\/","title":{"rendered":"Jupe ouatin\u00e9e Zora"},"content":{"rendered":"<p>Zora . Cette jupe matelass\u00e9e retient la chaleur de mani\u00e8re optimale et procure une agr\u00e9able sensation de chaleur, sans pour autant restreindre la libert\u00e9 de mouvement. Un must absolu pour toutes les activit\u00e9s de plein air - de la marche et de la randonn\u00e9e au ski.<\/p>","protected":false},"excerpt":{"rendered":"<p>Zora . Cette jupe matelass\u00e9e retient la chaleur de mani\u00e8re optimale et procure une agr\u00e9able sensation de chaleur, sans pour autant restreindre la libert\u00e9 de mouvement. Un must absolu pour toutes les activit\u00e9s de plein air - de la marche et de la randonn\u00e9e au ski.<\/p>","protected":false},"featured_media":725714,"template":"","meta":[],"product_brand":[],"product_cat":[4194],"product_tag":[],"class_list":{"0":"post-725686","1":"product","2":"type-product","3":"status-publish","4":"has-post-thumbnail","6":"product_cat-roecke","7":"pa_brand-rukka","8":"pa_brand-type-workwear","9":"pa_filter-color-blau","10":"pa_filter-color-gruen","11":"pa_filter-color-rot","13":"first","14":"instock","15":"taxable","16":"shipping-taxable","17":"purchasable","18":"product-type-variable","19":"add-to-wishlist-before_image"},"exclude_global_add_ons":[],"addons":[],"acf":[],"_links":{"self":[{"href":"https:\/\/shop.kustom.ch\/fr\/wp-json\/wp\/v2\/product\/725686"}],"collection":[{"href":"https:\/\/shop.kustom.ch\/fr\/wp-json\/wp\/v2\/product"}],"about":[{"href":"https:\/\/shop.kustom.ch\/fr\/wp-json\/wp\/v2\/types\/product"}],"wp:featuredmedia":[{"embeddable":true,"href":"https:\/\/shop.kustom.ch\/fr\/wp-json\/wp\/v2\/media\/725714"}],"wp:attachment":[{"href":"https:\/\/shop.kustom.ch\/fr\/wp-json\/wp\/v2\/media?parent=725686"}],"wp:term":[{"taxonomy":"product_brand","embeddable":true,"href":"https:\/\/shop.kustom.ch\/fr\/wp-json\/wp\/v2\/product_brand?post=725686"},{"taxonomy":"product_cat","embeddable":true,"href":"https:\/\/shop.kustom.ch\/fr\/wp-json\/wp\/v2\/product_cat?post=725686"},{"taxonomy":"product_tag","embeddable":true,"href":"https:\/\/shop.kustom.ch\/fr\/wp-json\/wp\/v2\/product_tag?post=725686"}],"curies":[{"name":"wp","href":"https:\/\/api.w.org\/{rel}","templated":true}]}}