{"id":725603,"date":"2026-04-01T18:59:19","date_gmt":"2026-04-01T17:59:19","guid":{"rendered":"https:\/\/shop.kustom.ch\/?post_type=product&#038;p=725603"},"modified":"2026-04-01T19:00:34","modified_gmt":"2026-04-01T18:00:34","slug":"patsy-kinder-fleece-jacke","status":"publish","type":"product","link":"https:\/\/shop.kustom.ch\/fr\/produit\/patsy-kinder-fleece-jacke\/","title":{"rendered":"Veste polaire Patsy enfants"},"content":{"rendered":"<p>La veste Patsy. On ne veut plus enlever cette veste polaire chaude et douillette. Que ce soit dans un refuge de montagne ou lors des douces journ\u00e9es d'automne, elle est toujours agr\u00e9able \u00e0 porter et a en plus l'air au top.<\/p>","protected":false},"excerpt":{"rendered":"<p>La veste Patsy. On ne veut plus enlever cette veste polaire chaude et douillette. Que ce soit dans un refuge de montagne ou lors des douces journ\u00e9es d'automne, elle est toujours agr\u00e9able \u00e0 porter et a en plus l'air au top.<\/p>","protected":false},"featured_media":725640,"template":"","meta":[],"product_brand":[],"product_cat":[4186],"product_tag":[],"class_list":{"0":"post-725603","1":"product","2":"type-product","3":"status-publish","4":"has-post-thumbnail","6":"product_cat-jacken","7":"pa_brand-rukka","8":"pa_brand-type-workwear","9":"pa_filter-color-blau","10":"pa_filter-color-gruen","11":"pa_filter-color-schwarz","13":"first","14":"instock","15":"taxable","16":"shipping-taxable","17":"purchasable","18":"product-type-variable","19":"add-to-wishlist-before_image"},"exclude_global_add_ons":[],"addons":[],"acf":[],"_links":{"self":[{"href":"https:\/\/shop.kustom.ch\/fr\/wp-json\/wp\/v2\/product\/725603"}],"collection":[{"href":"https:\/\/shop.kustom.ch\/fr\/wp-json\/wp\/v2\/product"}],"about":[{"href":"https:\/\/shop.kustom.ch\/fr\/wp-json\/wp\/v2\/types\/product"}],"wp:featuredmedia":[{"embeddable":true,"href":"https:\/\/shop.kustom.ch\/fr\/wp-json\/wp\/v2\/media\/725640"}],"wp:attachment":[{"href":"https:\/\/shop.kustom.ch\/fr\/wp-json\/wp\/v2\/media?parent=725603"}],"wp:term":[{"taxonomy":"product_brand","embeddable":true,"href":"https:\/\/shop.kustom.ch\/fr\/wp-json\/wp\/v2\/product_brand?post=725603"},{"taxonomy":"product_cat","embeddable":true,"href":"https:\/\/shop.kustom.ch\/fr\/wp-json\/wp\/v2\/product_cat?post=725603"},{"taxonomy":"product_tag","embeddable":true,"href":"https:\/\/shop.kustom.ch\/fr\/wp-json\/wp\/v2\/product_tag?post=725603"}],"curies":[{"name":"wp","href":"https:\/\/api.w.org\/{rel}","templated":true}]}}