{"id":725573,"date":"2026-04-01T18:58:51","date_gmt":"2026-04-01T17:58:51","guid":{"rendered":"https:\/\/shop.kustom.ch\/?post_type=product&#038;p=725573"},"modified":"2026-04-01T19:00:04","modified_gmt":"2026-04-01T18:00:04","slug":"pac-jac-kinder-thermo-jacke","status":"publish","type":"product","link":"https:\/\/shop.kustom.ch\/fr\/produit\/pac-jac-kinder-thermo-jacke\/","title":{"rendered":"Pac Jac Veste thermique pour enfants"},"content":{"rendered":"<p>Pac Jac Kids . Cette veste matelass\u00e9e super l\u00e9g\u00e8re avec une excellente isolation est un must-have absolu pour toutes les activit\u00e9s de plein air. Elle s'emballe peu, a un poids minimal et est parfaite comme couche d'isolation sous une veste de protection contre les intemp\u00e9ries.<\/p>","protected":false},"excerpt":{"rendered":"<p>Pac Jac Kids . Cette veste matelass\u00e9e super l\u00e9g\u00e8re avec une excellente isolation est un must-have absolu pour toutes les activit\u00e9s de plein air. Elle s'emballe peu, a un poids minimal et est parfaite comme couche d'isolation sous une veste de protection contre les intemp\u00e9ries.<\/p>","protected":false},"featured_media":725605,"template":"","meta":[],"product_brand":[],"product_cat":[4186],"product_tag":[],"class_list":{"0":"post-725573","1":"product","2":"type-product","3":"status-publish","4":"has-post-thumbnail","6":"product_cat-jacken","7":"pa_brand-rukka","8":"pa_brand-type-workwear","9":"pa_filter-color-blau","10":"pa_filter-color-gruen","11":"pa_filter-color-violet","13":"first","14":"instock","15":"taxable","16":"shipping-taxable","17":"purchasable","18":"product-type-variable","19":"add-to-wishlist-before_image"},"exclude_global_add_ons":[],"addons":[],"acf":[],"_links":{"self":[{"href":"https:\/\/shop.kustom.ch\/fr\/wp-json\/wp\/v2\/product\/725573"}],"collection":[{"href":"https:\/\/shop.kustom.ch\/fr\/wp-json\/wp\/v2\/product"}],"about":[{"href":"https:\/\/shop.kustom.ch\/fr\/wp-json\/wp\/v2\/types\/product"}],"wp:featuredmedia":[{"embeddable":true,"href":"https:\/\/shop.kustom.ch\/fr\/wp-json\/wp\/v2\/media\/725605"}],"wp:attachment":[{"href":"https:\/\/shop.kustom.ch\/fr\/wp-json\/wp\/v2\/media?parent=725573"}],"wp:term":[{"taxonomy":"product_brand","embeddable":true,"href":"https:\/\/shop.kustom.ch\/fr\/wp-json\/wp\/v2\/product_brand?post=725573"},{"taxonomy":"product_cat","embeddable":true,"href":"https:\/\/shop.kustom.ch\/fr\/wp-json\/wp\/v2\/product_cat?post=725573"},{"taxonomy":"product_tag","embeddable":true,"href":"https:\/\/shop.kustom.ch\/fr\/wp-json\/wp\/v2\/product_tag?post=725573"}],"curies":[{"name":"wp","href":"https:\/\/api.w.org\/{rel}","templated":true}]}}