{"id":725479,"date":"2026-04-01T18:57:30","date_gmt":"2026-04-01T17:57:30","guid":{"rendered":"https:\/\/shop.kustom.ch\/?post_type=product&#038;p=725479"},"modified":"2026-04-01T18:58:21","modified_gmt":"2026-04-01T17:58:21","slug":"montreal-soft-shell-jacke","status":"publish","type":"product","link":"https:\/\/shop.kustom.ch\/fr\/produit\/montreal-soft-shell-jacke\/","title":{"rendered":"Veste Montreal Soft Shell"},"content":{"rendered":"<p>Montreal. La coque souple certifi\u00e9e EN ISO 20471 Cl. 2 offre une visibilit\u00e9 maximale et un confort de travail optimal. R\u00e9sistante au vent et \u00e0 l'eau, elle prot\u00e8ge \u00e9galement contre les conditions m\u00e9t\u00e9orologiques difficiles.<\/p>","protected":false},"excerpt":{"rendered":"<p>Montreal. La coque souple certifi\u00e9e EN ISO 20471 Cl. 2 offre une visibilit\u00e9 maximale et un confort de travail optimal. R\u00e9sistante au vent et \u00e0 l'eau, elle prot\u00e8ge \u00e9galement contre les conditions m\u00e9t\u00e9orologiques difficiles.<\/p>","protected":false},"featured_media":725522,"template":"","meta":[],"product_brand":[],"product_cat":[4186],"product_tag":[],"class_list":{"0":"post-725479","1":"product","2":"type-product","3":"status-publish","4":"has-post-thumbnail","6":"product_cat-jacken","7":"pa_brand-rukka","8":"pa_brand-type-workwear","9":"pa_filter-color-gelb","11":"first","12":"instock","13":"taxable","14":"shipping-taxable","15":"purchasable","16":"product-type-variable","17":"add-to-wishlist-before_image"},"exclude_global_add_ons":[],"addons":[],"acf":[],"_links":{"self":[{"href":"https:\/\/shop.kustom.ch\/fr\/wp-json\/wp\/v2\/product\/725479"}],"collection":[{"href":"https:\/\/shop.kustom.ch\/fr\/wp-json\/wp\/v2\/product"}],"about":[{"href":"https:\/\/shop.kustom.ch\/fr\/wp-json\/wp\/v2\/types\/product"}],"wp:featuredmedia":[{"embeddable":true,"href":"https:\/\/shop.kustom.ch\/fr\/wp-json\/wp\/v2\/media\/725522"}],"wp:attachment":[{"href":"https:\/\/shop.kustom.ch\/fr\/wp-json\/wp\/v2\/media?parent=725479"}],"wp:term":[{"taxonomy":"product_brand","embeddable":true,"href":"https:\/\/shop.kustom.ch\/fr\/wp-json\/wp\/v2\/product_brand?post=725479"},{"taxonomy":"product_cat","embeddable":true,"href":"https:\/\/shop.kustom.ch\/fr\/wp-json\/wp\/v2\/product_cat?post=725479"},{"taxonomy":"product_tag","embeddable":true,"href":"https:\/\/shop.kustom.ch\/fr\/wp-json\/wp\/v2\/product_tag?post=725479"}],"curies":[{"name":"wp","href":"https:\/\/api.w.org\/{rel}","templated":true}]}}