{"id":725430,"date":"2026-04-01T18:56:41","date_gmt":"2026-04-01T17:56:41","guid":{"rendered":"https:\/\/shop.kustom.ch\/?post_type=product&#038;p=725430"},"modified":"2026-04-01T18:57:52","modified_gmt":"2026-04-01T17:57:52","slug":"diego-herren-fleece-gilet","status":"publish","type":"product","link":"https:\/\/shop.kustom.ch\/fr\/produit\/diego-herren-fleece-gilet\/","title":{"rendered":"Gilet polaire pour hommes Diego"},"content":{"rendered":"<p>Le gilet Diego. Le gilet pour hommes Diego est un peu plus l\u00e9ger que Polar et offre \u00e9galement une bonne libert\u00e9 de mouvement au niveau des bras. Il peut \u00e9galement \u00eatre port\u00e9 sous une veste de protection contre les intemp\u00e9ries.<\/p>","protected":false},"excerpt":{"rendered":"<p>Le gilet Diego. Le gilet pour hommes Diego est un peu plus l\u00e9ger que Polar et offre \u00e9galement une bonne libert\u00e9 de mouvement au niveau des bras. Il peut \u00e9galement \u00eatre port\u00e9 sous une veste de protection contre les intemp\u00e9ries.<\/p>","protected":false},"featured_media":725478,"template":"","meta":[],"product_brand":[],"product_cat":[4208],"product_tag":[],"class_list":{"0":"post-725430","1":"product","2":"type-product","3":"status-publish","4":"has-post-thumbnail","6":"product_cat-westen","7":"pa_brand-rukka","8":"pa_brand-type-workwear","9":"pa_filter-color-grau","10":"pa_filter-color-schwarz","12":"first","13":"instock","14":"taxable","15":"shipping-taxable","16":"purchasable","17":"product-type-variable","18":"add-to-wishlist-before_image"},"exclude_global_add_ons":[],"addons":[],"acf":[],"_links":{"self":[{"href":"https:\/\/shop.kustom.ch\/fr\/wp-json\/wp\/v2\/product\/725430"}],"collection":[{"href":"https:\/\/shop.kustom.ch\/fr\/wp-json\/wp\/v2\/product"}],"about":[{"href":"https:\/\/shop.kustom.ch\/fr\/wp-json\/wp\/v2\/types\/product"}],"wp:featuredmedia":[{"embeddable":true,"href":"https:\/\/shop.kustom.ch\/fr\/wp-json\/wp\/v2\/media\/725478"}],"wp:attachment":[{"href":"https:\/\/shop.kustom.ch\/fr\/wp-json\/wp\/v2\/media?parent=725430"}],"wp:term":[{"taxonomy":"product_brand","embeddable":true,"href":"https:\/\/shop.kustom.ch\/fr\/wp-json\/wp\/v2\/product_brand?post=725430"},{"taxonomy":"product_cat","embeddable":true,"href":"https:\/\/shop.kustom.ch\/fr\/wp-json\/wp\/v2\/product_cat?post=725430"},{"taxonomy":"product_tag","embeddable":true,"href":"https:\/\/shop.kustom.ch\/fr\/wp-json\/wp\/v2\/product_tag?post=725430"}],"curies":[{"name":"wp","href":"https:\/\/api.w.org\/{rel}","templated":true}]}}