{"id":725429,"date":"2026-04-01T18:56:40","date_gmt":"2026-04-01T17:56:40","guid":{"rendered":"https:\/\/shop.kustom.ch\/?post_type=product&#038;p=725429"},"modified":"2026-04-01T18:57:27","modified_gmt":"2026-04-01T17:57:27","slug":"hood-pj-herren-thermo-hoodie","status":"publish","type":"product","link":"https:\/\/shop.kustom.ch\/fr\/produit\/hood-pj-herren-thermo-hoodie\/","title":{"rendered":"Hood PJ Hoodie thermique pour hommes"},"content":{"rendered":"<p>Capuche PJ. Une veste matelass\u00e9e l\u00e9g\u00e8re et excellente pour le quotidien. Le sac s\u00e9par\u00e9 permet de la ranger de mani\u00e8re id\u00e9ale et de l'emporter dans un sac \u00e0 dos. La capuche fixe conf\u00e8re en outre \u00e0 la veste un look sportif.<\/p>","protected":false},"excerpt":{"rendered":"<p>Capuche PJ. Une veste matelass\u00e9e l\u00e9g\u00e8re et excellente pour le quotidien. Le sac s\u00e9par\u00e9 permet de la ranger de mani\u00e8re id\u00e9ale et de l'emporter dans un sac \u00e0 dos. La capuche fixe conf\u00e8re en outre \u00e0 la veste un look sportif.<\/p>","protected":false},"featured_media":725452,"template":"","meta":[],"product_brand":[],"product_cat":[4184],"product_tag":[],"class_list":{"0":"post-725429","1":"product","2":"type-product","3":"status-publish","4":"has-post-thumbnail","6":"product_cat-hoodies-pullover","7":"pa_brand-rukka","8":"pa_brand-type-workwear","9":"pa_filter-color-blau","10":"pa_filter-color-gelb","11":"pa_filter-color-schwarz","13":"first","14":"instock","15":"taxable","16":"shipping-taxable","17":"purchasable","18":"product-type-variable","19":"add-to-wishlist-before_image"},"exclude_global_add_ons":[],"addons":[],"acf":[],"_links":{"self":[{"href":"https:\/\/shop.kustom.ch\/fr\/wp-json\/wp\/v2\/product\/725429"}],"collection":[{"href":"https:\/\/shop.kustom.ch\/fr\/wp-json\/wp\/v2\/product"}],"about":[{"href":"https:\/\/shop.kustom.ch\/fr\/wp-json\/wp\/v2\/types\/product"}],"wp:featuredmedia":[{"embeddable":true,"href":"https:\/\/shop.kustom.ch\/fr\/wp-json\/wp\/v2\/media\/725452"}],"wp:attachment":[{"href":"https:\/\/shop.kustom.ch\/fr\/wp-json\/wp\/v2\/media?parent=725429"}],"wp:term":[{"taxonomy":"product_brand","embeddable":true,"href":"https:\/\/shop.kustom.ch\/fr\/wp-json\/wp\/v2\/product_brand?post=725429"},{"taxonomy":"product_cat","embeddable":true,"href":"https:\/\/shop.kustom.ch\/fr\/wp-json\/wp\/v2\/product_cat?post=725429"},{"taxonomy":"product_tag","embeddable":true,"href":"https:\/\/shop.kustom.ch\/fr\/wp-json\/wp\/v2\/product_tag?post=725429"}],"curies":[{"name":"wp","href":"https:\/\/api.w.org\/{rel}","templated":true}]}}