{"id":725356,"date":"2026-04-01T18:55:03","date_gmt":"2026-04-01T17:55:03","guid":{"rendered":"https:\/\/shop.kustom.ch\/?post_type=product&#038;p=725356"},"modified":"2026-04-01T18:57:02","modified_gmt":"2026-04-01T17:57:02","slug":"pac-vest-herren-thermo-gilet","status":"publish","type":"product","link":"https:\/\/shop.kustom.ch\/fr\/produit\/pac-vest-herren-thermo-gilet\/","title":{"rendered":"Pac Vest Gilet thermique pour hommes"},"content":{"rendered":"<p>Veste Pac. Gilet matelass\u00e9 super l\u00e9ger qui se range partout dans un petit emballage. La couche d'isolation sur le corps prot\u00e8ge parfaitement, tandis que les bras sont libres pour les activit\u00e9s en plein air.<\/p>","protected":false},"excerpt":{"rendered":"<p>Veste Pac. Gilet matelass\u00e9 super l\u00e9ger qui se range partout dans un petit emballage. La couche d'isolation sur le corps prot\u00e8ge parfaitement, tandis que les bras sont libres pour les activit\u00e9s en plein air.<\/p>","protected":false},"featured_media":725403,"template":"","meta":[],"product_brand":[],"product_cat":[4208],"product_tag":[],"class_list":{"0":"post-725356","1":"product","2":"type-product","3":"status-publish","4":"has-post-thumbnail","6":"product_cat-westen","7":"pa_brand-rukka","8":"pa_brand-type-workwear","9":"pa_filter-color-blau","10":"pa_filter-color-gelb","11":"pa_filter-color-gruen","12":"pa_filter-color-schwarz","14":"first","15":"instock","16":"taxable","17":"shipping-taxable","18":"purchasable","19":"product-type-variable","20":"add-to-wishlist-before_image"},"exclude_global_add_ons":[],"addons":[],"acf":[],"_links":{"self":[{"href":"https:\/\/shop.kustom.ch\/fr\/wp-json\/wp\/v2\/product\/725356"}],"collection":[{"href":"https:\/\/shop.kustom.ch\/fr\/wp-json\/wp\/v2\/product"}],"about":[{"href":"https:\/\/shop.kustom.ch\/fr\/wp-json\/wp\/v2\/types\/product"}],"wp:featuredmedia":[{"embeddable":true,"href":"https:\/\/shop.kustom.ch\/fr\/wp-json\/wp\/v2\/media\/725403"}],"wp:attachment":[{"href":"https:\/\/shop.kustom.ch\/fr\/wp-json\/wp\/v2\/media?parent=725356"}],"wp:term":[{"taxonomy":"product_brand","embeddable":true,"href":"https:\/\/shop.kustom.ch\/fr\/wp-json\/wp\/v2\/product_brand?post=725356"},{"taxonomy":"product_cat","embeddable":true,"href":"https:\/\/shop.kustom.ch\/fr\/wp-json\/wp\/v2\/product_cat?post=725356"},{"taxonomy":"product_tag","embeddable":true,"href":"https:\/\/shop.kustom.ch\/fr\/wp-json\/wp\/v2\/product_tag?post=725356"}],"curies":[{"name":"wp","href":"https:\/\/api.w.org\/{rel}","templated":true}]}}