{"id":725355,"date":"2026-04-01T18:55:03","date_gmt":"2026-04-01T17:55:03","guid":{"rendered":"https:\/\/shop.kustom.ch\/?post_type=product&#038;p=725355"},"modified":"2026-04-01T18:56:34","modified_gmt":"2026-04-01T17:56:34","slug":"stuart-hybrid-herren-jacke","status":"publish","type":"product","link":"https:\/\/shop.kustom.ch\/fr\/produit\/stuart-hybrid-herren-jacke\/","title":{"rendered":"Veste hybride Stuart pour hommes"},"content":{"rendered":"<p>Stuart . Cette veste hybride fonctionnelle avec son agr\u00e9able rembourrage sur le corps et ses manches \u00e9lastiques en Soft Shell est le compagnon id\u00e9al pour toutes les activit\u00e9s de plein air. Qu'il s'agisse d'une couche isolante sous une veste de pluie ou de ski, d'une veste l\u00e9g\u00e8re pour des randonn\u00e9es \u00e0 ski ou en raquettes ou d'une agr\u00e9able promenade en for\u00eat. Elle fonctionne toujours.<\/p>","protected":false},"excerpt":{"rendered":"<p>Stuart . Cette veste hybride fonctionnelle avec son agr\u00e9able rembourrage sur le corps et ses manches \u00e9lastiques en Soft Shell est le compagnon id\u00e9al pour toutes les activit\u00e9s de plein air. Qu'il s'agisse d'une couche isolante sous une veste de pluie ou de ski, d'une veste l\u00e9g\u00e8re pour des randonn\u00e9es \u00e0 ski ou en raquettes ou d'une agr\u00e9able promenade en for\u00eat. Elle fonctionne toujours.<\/p>","protected":false},"featured_media":725387,"template":"","meta":[],"product_brand":[],"product_cat":[4186],"product_tag":[],"class_list":{"0":"post-725355","1":"product","2":"type-product","3":"status-publish","4":"has-post-thumbnail","6":"product_cat-jacken","7":"pa_brand-rukka","8":"pa_brand-type-workwear","9":"pa_filter-color-grau","10":"pa_filter-color-schwarz","12":"first","13":"instock","14":"taxable","15":"shipping-taxable","16":"purchasable","17":"product-type-variable","18":"add-to-wishlist-before_image"},"exclude_global_add_ons":[],"addons":[],"acf":[],"_links":{"self":[{"href":"https:\/\/shop.kustom.ch\/fr\/wp-json\/wp\/v2\/product\/725355"}],"collection":[{"href":"https:\/\/shop.kustom.ch\/fr\/wp-json\/wp\/v2\/product"}],"about":[{"href":"https:\/\/shop.kustom.ch\/fr\/wp-json\/wp\/v2\/types\/product"}],"wp:featuredmedia":[{"embeddable":true,"href":"https:\/\/shop.kustom.ch\/fr\/wp-json\/wp\/v2\/media\/725387"}],"wp:attachment":[{"href":"https:\/\/shop.kustom.ch\/fr\/wp-json\/wp\/v2\/media?parent=725355"}],"wp:term":[{"taxonomy":"product_brand","embeddable":true,"href":"https:\/\/shop.kustom.ch\/fr\/wp-json\/wp\/v2\/product_brand?post=725355"},{"taxonomy":"product_cat","embeddable":true,"href":"https:\/\/shop.kustom.ch\/fr\/wp-json\/wp\/v2\/product_cat?post=725355"},{"taxonomy":"product_tag","embeddable":true,"href":"https:\/\/shop.kustom.ch\/fr\/wp-json\/wp\/v2\/product_tag?post=725355"}],"curies":[{"name":"wp","href":"https:\/\/api.w.org\/{rel}","templated":true}]}}