{"id":725268,"date":"2026-04-01T18:53:43","date_gmt":"2026-04-01T17:53:43","guid":{"rendered":"https:\/\/shop.kustom.ch\/?post_type=product&#038;p=725268"},"modified":"2026-04-01T18:54:57","modified_gmt":"2026-04-01T17:54:57","slug":"romeo-herren-regenjacke","status":"publish","type":"product","link":"https:\/\/shop.kustom.ch\/fr\/produit\/romeo-herren-regenjacke\/","title":{"rendered":"Romeo Veste de pluie pour homme"},"content":{"rendered":"<p>Rom\u00e9o. Avec une colonne d'eau de 15\u2019000 mm, elle dispose d'une imperm\u00e9abilit\u00e9 maximale et son look bicolore lui donne un aspect cool. La veste est l\u00e9g\u00e8re et agr\u00e9able au toucher.<\/p>","protected":false},"excerpt":{"rendered":"<p>Rom\u00e9o. Avec une colonne d'eau de 15\u2019000 mm, elle dispose d'une imperm\u00e9abilit\u00e9 maximale et son look bicolore lui donne un aspect cool. La veste est l\u00e9g\u00e8re et agr\u00e9able au toucher.<\/p>","protected":false},"featured_media":725315,"template":"","meta":[],"product_brand":[],"product_cat":[4186],"product_tag":[],"class_list":{"0":"post-725268","1":"product","2":"type-product","3":"status-publish","4":"has-post-thumbnail","6":"product_cat-jacken","7":"pa_brand-rukka","8":"pa_brand-type-workwear","9":"pa_filter-color-blau","10":"pa_filter-color-grau","12":"first","13":"instock","14":"taxable","15":"shipping-taxable","16":"purchasable","17":"product-type-variable","18":"add-to-wishlist-before_image"},"exclude_global_add_ons":[],"addons":[],"acf":[],"_links":{"self":[{"href":"https:\/\/shop.kustom.ch\/fr\/wp-json\/wp\/v2\/product\/725268"}],"collection":[{"href":"https:\/\/shop.kustom.ch\/fr\/wp-json\/wp\/v2\/product"}],"about":[{"href":"https:\/\/shop.kustom.ch\/fr\/wp-json\/wp\/v2\/types\/product"}],"wp:featuredmedia":[{"embeddable":true,"href":"https:\/\/shop.kustom.ch\/fr\/wp-json\/wp\/v2\/media\/725315"}],"wp:attachment":[{"href":"https:\/\/shop.kustom.ch\/fr\/wp-json\/wp\/v2\/media?parent=725268"}],"wp:term":[{"taxonomy":"product_brand","embeddable":true,"href":"https:\/\/shop.kustom.ch\/fr\/wp-json\/wp\/v2\/product_brand?post=725268"},{"taxonomy":"product_cat","embeddable":true,"href":"https:\/\/shop.kustom.ch\/fr\/wp-json\/wp\/v2\/product_cat?post=725268"},{"taxonomy":"product_tag","embeddable":true,"href":"https:\/\/shop.kustom.ch\/fr\/wp-json\/wp\/v2\/product_tag?post=725268"}],"curies":[{"name":"wp","href":"https:\/\/api.w.org\/{rel}","templated":true}]}}