{"id":725238,"date":"2026-04-01T18:53:17","date_gmt":"2026-04-01T17:53:17","guid":{"rendered":"https:\/\/shop.kustom.ch\/?post_type=product&#038;p=725238"},"modified":"2026-04-01T18:54:27","modified_gmt":"2026-04-01T17:54:27","slug":"micha-herren-fleece-jacke","status":"publish","type":"product","link":"https:\/\/shop.kustom.ch\/fr\/produit\/micha-herren-fleece-jacke\/","title":{"rendered":"Veste polaire Micha pour hommes"},"content":{"rendered":"<p>Micha . Une micro-polaire l\u00e9g\u00e8re, \u00e0 l'aspect m\u00e9lang\u00e9. Tr\u00e8s agr\u00e9able \u00e0 porter, elle remplit n\u00e9anmoins sa fonction : te tenir chaud. Que ce soit en \u00e9t\u00e9 ou en hiver comme deuxi\u00e8me couche !<\/p>","protected":false},"excerpt":{"rendered":"<p>Micha . Une micro-polaire l\u00e9g\u00e8re, \u00e0 l'aspect m\u00e9lang\u00e9. Tr\u00e8s agr\u00e9able \u00e0 porter, elle remplit n\u00e9anmoins sa fonction : te tenir chaud. Que ce soit en \u00e9t\u00e9 ou en hiver comme deuxi\u00e8me couche !<\/p>","protected":false},"featured_media":725269,"template":"","meta":[],"product_brand":[],"product_cat":[4186],"product_tag":[],"class_list":{"0":"post-725238","1":"product","2":"type-product","3":"status-publish","4":"has-post-thumbnail","6":"product_cat-jacken","7":"pa_brand-rukka","8":"pa_brand-type-workwear","9":"pa_filter-color-gelb","10":"pa_filter-color-grau","11":"pa_filter-color-gruen","12":"pa_filter-color-schwarz","14":"first","15":"instock","16":"taxable","17":"shipping-taxable","18":"purchasable","19":"product-type-variable","20":"add-to-wishlist-before_image"},"exclude_global_add_ons":[],"addons":[],"acf":[],"_links":{"self":[{"href":"https:\/\/shop.kustom.ch\/fr\/wp-json\/wp\/v2\/product\/725238"}],"collection":[{"href":"https:\/\/shop.kustom.ch\/fr\/wp-json\/wp\/v2\/product"}],"about":[{"href":"https:\/\/shop.kustom.ch\/fr\/wp-json\/wp\/v2\/types\/product"}],"wp:featuredmedia":[{"embeddable":true,"href":"https:\/\/shop.kustom.ch\/fr\/wp-json\/wp\/v2\/media\/725269"}],"wp:attachment":[{"href":"https:\/\/shop.kustom.ch\/fr\/wp-json\/wp\/v2\/media?parent=725238"}],"wp:term":[{"taxonomy":"product_brand","embeddable":true,"href":"https:\/\/shop.kustom.ch\/fr\/wp-json\/wp\/v2\/product_brand?post=725238"},{"taxonomy":"product_cat","embeddable":true,"href":"https:\/\/shop.kustom.ch\/fr\/wp-json\/wp\/v2\/product_cat?post=725238"},{"taxonomy":"product_tag","embeddable":true,"href":"https:\/\/shop.kustom.ch\/fr\/wp-json\/wp\/v2\/product_tag?post=725238"}],"curies":[{"name":"wp","href":"https:\/\/api.w.org\/{rel}","templated":true}]}}