{"id":725184,"date":"2026-04-01T18:52:30","date_gmt":"2026-04-01T17:52:30","guid":{"rendered":"https:\/\/shop.kustom.ch\/?post_type=product&#038;p=725184"},"modified":"2026-04-01T18:53:37","modified_gmt":"2026-04-01T17:53:37","slug":"pac-jac-herren-thermo-jacke","status":"publish","type":"product","link":"https:\/\/shop.kustom.ch\/fr\/produit\/pac-jac-herren-thermo-jacke\/","title":{"rendered":"Pac Jac Veste thermique pour hommes"},"content":{"rendered":"<p>Pac Jac Men. Veste matelass\u00e9e super l\u00e9g\u00e8re avec une excellente isolation. Il faut l'avoir, tout simplement. Elle se range facilement, ne p\u00e8se presque rien et fonctionne aussi comme couche d'isolation sous une veste de protection contre les intemp\u00e9ries, un beau blazer ou un manteau.<\/p>","protected":false},"excerpt":{"rendered":"<p>Pac Jac Men. Veste matelass\u00e9e super l\u00e9g\u00e8re avec une excellente isolation. Il faut l'avoir, tout simplement. Elle se range facilement, ne p\u00e8se presque rien et fonctionne aussi comme couche d'isolation sous une veste de protection contre les intemp\u00e9ries, un beau blazer ou un manteau.<\/p>","protected":false},"featured_media":725210,"template":"","meta":[],"product_brand":[],"product_cat":[4186],"product_tag":[],"class_list":{"0":"post-725184","1":"product","2":"type-product","3":"status-publish","4":"has-post-thumbnail","6":"product_cat-jacken","7":"pa_brand-rukka","8":"pa_brand-type-workwear","9":"pa_filter-color-blau","10":"pa_filter-color-orange","11":"pa_filter-color-schwarz","13":"first","14":"instock","15":"taxable","16":"shipping-taxable","17":"purchasable","18":"product-type-variable","19":"add-to-wishlist-before_image"},"exclude_global_add_ons":[],"addons":[],"acf":[],"_links":{"self":[{"href":"https:\/\/shop.kustom.ch\/fr\/wp-json\/wp\/v2\/product\/725184"}],"collection":[{"href":"https:\/\/shop.kustom.ch\/fr\/wp-json\/wp\/v2\/product"}],"about":[{"href":"https:\/\/shop.kustom.ch\/fr\/wp-json\/wp\/v2\/types\/product"}],"wp:featuredmedia":[{"embeddable":true,"href":"https:\/\/shop.kustom.ch\/fr\/wp-json\/wp\/v2\/media\/725210"}],"wp:attachment":[{"href":"https:\/\/shop.kustom.ch\/fr\/wp-json\/wp\/v2\/media?parent=725184"}],"wp:term":[{"taxonomy":"product_brand","embeddable":true,"href":"https:\/\/shop.kustom.ch\/fr\/wp-json\/wp\/v2\/product_brand?post=725184"},{"taxonomy":"product_cat","embeddable":true,"href":"https:\/\/shop.kustom.ch\/fr\/wp-json\/wp\/v2\/product_cat?post=725184"},{"taxonomy":"product_tag","embeddable":true,"href":"https:\/\/shop.kustom.ch\/fr\/wp-json\/wp\/v2\/product_tag?post=725184"}],"curies":[{"name":"wp","href":"https:\/\/api.w.org\/{rel}","templated":true}]}}