{"id":725156,"date":"2026-04-01T18:51:58","date_gmt":"2026-04-01T17:51:58","guid":{"rendered":"https:\/\/shop.kustom.ch\/?post_type=product&#038;p=725156"},"modified":"2026-04-01T18:52:53","modified_gmt":"2026-04-01T17:52:53","slug":"pete-fleece-jacke","status":"publish","type":"product","link":"https:\/\/shop.kustom.ch\/fr\/produit\/pete-fleece-jacke\/","title":{"rendered":"Veste polaire Pete"},"content":{"rendered":"<p>Pete . Cette polaire tricot\u00e9e est la combinaison parfaite entre style et fonctionnalit\u00e9. Avec son look de cardigan classique et la chaleur d'une polaire, c'est un chauffe-corps qui est \u00e0 la fois \u00e9l\u00e9gant et pratique.<\/p>","protected":false},"excerpt":{"rendered":"<p>Pete . Cette polaire tricot\u00e9e est la combinaison parfaite entre style et fonctionnalit\u00e9. Avec son look de cardigan classique et la chaleur d'une polaire, c'est un chauffe-corps qui est \u00e0 la fois \u00e9l\u00e9gant et pratique.<\/p>","protected":false},"featured_media":725183,"template":"","meta":[],"product_brand":[],"product_cat":[4186],"product_tag":[],"class_list":{"0":"post-725156","1":"product","2":"type-product","3":"status-publish","4":"has-post-thumbnail","6":"product_cat-jacken","7":"pa_brand-rukka","8":"pa_brand-type-workwear","9":"pa_filter-color-braun","10":"pa_filter-color-grau","11":"pa_filter-color-schwarz","13":"first","14":"instock","15":"taxable","16":"shipping-taxable","17":"purchasable","18":"product-type-variable","19":"add-to-wishlist-before_image"},"exclude_global_add_ons":[],"addons":[],"acf":[],"_links":{"self":[{"href":"https:\/\/shop.kustom.ch\/fr\/wp-json\/wp\/v2\/product\/725156"}],"collection":[{"href":"https:\/\/shop.kustom.ch\/fr\/wp-json\/wp\/v2\/product"}],"about":[{"href":"https:\/\/shop.kustom.ch\/fr\/wp-json\/wp\/v2\/types\/product"}],"wp:featuredmedia":[{"embeddable":true,"href":"https:\/\/shop.kustom.ch\/fr\/wp-json\/wp\/v2\/media\/725183"}],"wp:attachment":[{"href":"https:\/\/shop.kustom.ch\/fr\/wp-json\/wp\/v2\/media?parent=725156"}],"wp:term":[{"taxonomy":"product_brand","embeddable":true,"href":"https:\/\/shop.kustom.ch\/fr\/wp-json\/wp\/v2\/product_brand?post=725156"},{"taxonomy":"product_cat","embeddable":true,"href":"https:\/\/shop.kustom.ch\/fr\/wp-json\/wp\/v2\/product_cat?post=725156"},{"taxonomy":"product_tag","embeddable":true,"href":"https:\/\/shop.kustom.ch\/fr\/wp-json\/wp\/v2\/product_tag?post=725156"}],"curies":[{"name":"wp","href":"https:\/\/api.w.org\/{rel}","templated":true}]}}