{"id":725048,"date":"2026-04-01T18:50:11","date_gmt":"2026-04-01T17:50:11","guid":{"rendered":"https:\/\/shop.kustom.ch\/?post_type=product&#038;p=725048"},"modified":"2026-04-01T18:51:33","modified_gmt":"2026-04-01T17:51:33","slug":"travellight-herren-regenjacke","status":"publish","type":"product","link":"https:\/\/shop.kustom.ch\/fr\/produit\/travellight-herren-regenjacke\/","title":{"rendered":"Veste de pluie Travellight pour hommes"},"content":{"rendered":"<p>La veste Travellight Men. Cette veste de pluie ultral\u00e9g\u00e8re est le compagnon id\u00e9al de toutes les randonn\u00e9es. Emball\u00e9e dans une poche, elle prend tr\u00e8s peu de place et est toujours \u00e0 port\u00e9e de main en cas de changement de temps inattendu. Poids total taille M = env. 280 g<\/p>","protected":false},"excerpt":{"rendered":"<p>La veste Travellight Men. Cette veste de pluie ultral\u00e9g\u00e8re est le compagnon id\u00e9al de toutes les randonn\u00e9es. Emball\u00e9e dans une poche, elle prend tr\u00e8s peu de place et est toujours \u00e0 port\u00e9e de main en cas de changement de temps inattendu. Poids total taille M = env. 280 g<\/p>","protected":false},"featured_media":725093,"template":"","meta":[],"product_brand":[],"product_cat":[4186],"product_tag":[],"class_list":{"0":"post-725048","1":"product","2":"type-product","3":"status-publish","4":"has-post-thumbnail","6":"product_cat-jacken","7":"pa_brand-rukka","8":"pa_brand-type-workwear","9":"pa_filter-color-blau","10":"pa_filter-color-gelb","11":"pa_filter-color-gruen","12":"pa_filter-color-rot","14":"first","15":"instock","16":"taxable","17":"shipping-taxable","18":"purchasable","19":"product-type-variable","20":"add-to-wishlist-before_image"},"exclude_global_add_ons":[],"addons":[],"acf":[],"_links":{"self":[{"href":"https:\/\/shop.kustom.ch\/fr\/wp-json\/wp\/v2\/product\/725048"}],"collection":[{"href":"https:\/\/shop.kustom.ch\/fr\/wp-json\/wp\/v2\/product"}],"about":[{"href":"https:\/\/shop.kustom.ch\/fr\/wp-json\/wp\/v2\/types\/product"}],"wp:featuredmedia":[{"embeddable":true,"href":"https:\/\/shop.kustom.ch\/fr\/wp-json\/wp\/v2\/media\/725093"}],"wp:attachment":[{"href":"https:\/\/shop.kustom.ch\/fr\/wp-json\/wp\/v2\/media?parent=725048"}],"wp:term":[{"taxonomy":"product_brand","embeddable":true,"href":"https:\/\/shop.kustom.ch\/fr\/wp-json\/wp\/v2\/product_brand?post=725048"},{"taxonomy":"product_cat","embeddable":true,"href":"https:\/\/shop.kustom.ch\/fr\/wp-json\/wp\/v2\/product_cat?post=725048"},{"taxonomy":"product_tag","embeddable":true,"href":"https:\/\/shop.kustom.ch\/fr\/wp-json\/wp\/v2\/product_tag?post=725048"}],"curies":[{"name":"wp","href":"https:\/\/api.w.org\/{rel}","templated":true}]}}