{"id":725021,"date":"2026-04-01T18:49:45","date_gmt":"2026-04-01T17:49:45","guid":{"rendered":"https:\/\/shop.kustom.ch\/?post_type=product&#038;p=725021"},"modified":"2026-04-01T18:50:36","modified_gmt":"2026-04-01T17:50:36","slug":"sepp-herren-soft-shell-hose","status":"publish","type":"product","link":"https:\/\/shop.kustom.ch\/fr\/produit\/sepp-herren-soft-shell-hose\/","title":{"rendered":"Pantalon Sepp Soft Shell pour hommes"},"content":{"rendered":"<p>Sepp . Avec ce pantalon softshell l\u00e9ger et sobre, tu as un compagnon fiable pour les jours plus froids en for\u00eat, en montagne ou pour aller faire un tour avec ton chien. Il emp\u00eache le vent d'atteindre tes jambes et est en outre d\u00e9perlant et respirant.<\/p>","protected":false},"excerpt":{"rendered":"<p>Sepp . Avec ce pantalon softshell l\u00e9ger et sobre, tu as un compagnon fiable pour les jours plus froids en for\u00eat, en montagne ou pour aller faire un tour avec ton chien. Il emp\u00eache le vent d'atteindre tes jambes et est en outre d\u00e9perlant et respirant.<\/p>","protected":false},"featured_media":725046,"template":"","meta":[],"product_brand":[],"product_cat":[4186],"product_tag":[],"class_list":{"0":"post-725021","1":"product","2":"type-product","3":"status-publish","4":"has-post-thumbnail","6":"product_cat-jacken","7":"pa_brand-rukka","8":"pa_brand-type-workwear","9":"pa_filter-color-grau","10":"pa_filter-color-schwarz","12":"first","13":"instock","14":"taxable","15":"shipping-taxable","16":"purchasable","17":"product-type-variable","18":"add-to-wishlist-before_image"},"exclude_global_add_ons":[],"addons":[],"acf":[],"_links":{"self":[{"href":"https:\/\/shop.kustom.ch\/fr\/wp-json\/wp\/v2\/product\/725021"}],"collection":[{"href":"https:\/\/shop.kustom.ch\/fr\/wp-json\/wp\/v2\/product"}],"about":[{"href":"https:\/\/shop.kustom.ch\/fr\/wp-json\/wp\/v2\/types\/product"}],"wp:featuredmedia":[{"embeddable":true,"href":"https:\/\/shop.kustom.ch\/fr\/wp-json\/wp\/v2\/media\/725046"}],"wp:attachment":[{"href":"https:\/\/shop.kustom.ch\/fr\/wp-json\/wp\/v2\/media?parent=725021"}],"wp:term":[{"taxonomy":"product_brand","embeddable":true,"href":"https:\/\/shop.kustom.ch\/fr\/wp-json\/wp\/v2\/product_brand?post=725021"},{"taxonomy":"product_cat","embeddable":true,"href":"https:\/\/shop.kustom.ch\/fr\/wp-json\/wp\/v2\/product_cat?post=725021"},{"taxonomy":"product_tag","embeddable":true,"href":"https:\/\/shop.kustom.ch\/fr\/wp-json\/wp\/v2\/product_tag?post=725021"}],"curies":[{"name":"wp","href":"https:\/\/api.w.org\/{rel}","templated":true}]}}