{"id":724991,"date":"2026-04-01T18:49:20","date_gmt":"2026-04-01T17:49:20","guid":{"rendered":"https:\/\/shop.kustom.ch\/?post_type=product&#038;p=724991"},"modified":"2026-04-01T18:50:07","modified_gmt":"2026-04-01T17:50:07","slug":"sinclair-herren-thermo-jacke","status":"publish","type":"product","link":"https:\/\/shop.kustom.ch\/fr\/produit\/sinclair-herren-thermo-jacke\/","title":{"rendered":"Veste thermique Sinclair pour hommes"},"content":{"rendered":"<p>Le mod\u00e8le Sinclair. Le v\u00eatement tout-en-un parfait pour les journ\u00e9es fra\u00eeches. Elle peut \u00eatre port\u00e9e de mani\u00e8re r\u00e9versible et offre d'un c\u00f4t\u00e9 un tissu stretch imperm\u00e9able et de l'autre une veste matelass\u00e9e chaude. La veste est l\u00e9g\u00e8re et sa coupe est parfaite, ce qui en fait un compagnon id\u00e9al pour les d\u00e9placements.<\/p>","protected":false},"excerpt":{"rendered":"<p>Le mod\u00e8le Sinclair. Le v\u00eatement tout-en-un parfait pour les journ\u00e9es fra\u00eeches. Elle peut \u00eatre port\u00e9e de mani\u00e8re r\u00e9versible et offre d'un c\u00f4t\u00e9 un tissu stretch imperm\u00e9able et de l'autre une veste matelass\u00e9e chaude. La veste est l\u00e9g\u00e8re et sa coupe est parfaite, ce qui en fait un compagnon id\u00e9al pour les d\u00e9placements.<\/p>","protected":false},"featured_media":725020,"template":"","meta":[],"product_brand":[],"product_cat":[4186],"product_tag":[],"class_list":{"0":"post-724991","1":"product","2":"type-product","3":"status-publish","4":"has-post-thumbnail","6":"product_cat-jacken","7":"pa_brand-rukka","8":"pa_brand-type-workwear","9":"pa_filter-color-gelb","10":"pa_filter-color-gruen","11":"pa_filter-color-rot","13":"first","14":"instock","15":"taxable","16":"shipping-taxable","17":"purchasable","18":"product-type-variable","19":"add-to-wishlist-before_image"},"exclude_global_add_ons":[],"addons":[],"acf":[],"_links":{"self":[{"href":"https:\/\/shop.kustom.ch\/fr\/wp-json\/wp\/v2\/product\/724991"}],"collection":[{"href":"https:\/\/shop.kustom.ch\/fr\/wp-json\/wp\/v2\/product"}],"about":[{"href":"https:\/\/shop.kustom.ch\/fr\/wp-json\/wp\/v2\/types\/product"}],"wp:featuredmedia":[{"embeddable":true,"href":"https:\/\/shop.kustom.ch\/fr\/wp-json\/wp\/v2\/media\/725020"}],"wp:attachment":[{"href":"https:\/\/shop.kustom.ch\/fr\/wp-json\/wp\/v2\/media?parent=724991"}],"wp:term":[{"taxonomy":"product_brand","embeddable":true,"href":"https:\/\/shop.kustom.ch\/fr\/wp-json\/wp\/v2\/product_brand?post=724991"},{"taxonomy":"product_cat","embeddable":true,"href":"https:\/\/shop.kustom.ch\/fr\/wp-json\/wp\/v2\/product_cat?post=724991"},{"taxonomy":"product_tag","embeddable":true,"href":"https:\/\/shop.kustom.ch\/fr\/wp-json\/wp\/v2\/product_tag?post=724991"}],"curies":[{"name":"wp","href":"https:\/\/api.w.org\/{rel}","templated":true}]}}