{"id":724937,"date":"2026-04-01T18:48:22","date_gmt":"2026-04-01T17:48:22","guid":{"rendered":"https:\/\/shop.kustom.ch\/?post_type=product&#038;p=724937"},"modified":"2026-04-01T18:49:42","modified_gmt":"2026-04-01T17:49:42","slug":"eldin-herren-regenjacke","status":"publish","type":"product","link":"https:\/\/shop.kustom.ch\/fr\/produit\/eldin-herren-regenjacke\/","title":{"rendered":"Veste de pluie pour homme Eldin"},"content":{"rendered":"<p>Eldin . C'est une veste recycl\u00e9e en PET, avec un tissu ext\u00e9rieur ripstop pour une utilisation intensive, de nombreuses poches, une capuche amovible, \u00e9quip\u00e9e de la membrane Rukka Tech, imperm\u00e9able (20 000 mm), respirante (6 000). Eldin is ready !<\/p>","protected":false},"excerpt":{"rendered":"<p>Eldin . C'est une veste recycl\u00e9e en PET, avec un tissu ext\u00e9rieur ripstop pour une utilisation intensive, de nombreuses poches, une capuche amovible, \u00e9quip\u00e9e de la membrane Rukka Tech, imperm\u00e9able (20 000 mm), respirante (6 000). Eldin is ready !<\/p>","protected":false},"featured_media":724980,"template":"","meta":[],"product_brand":[],"product_cat":[4186],"product_tag":[],"class_list":{"0":"post-724937","1":"product","2":"type-product","3":"status-publish","4":"has-post-thumbnail","6":"product_cat-jacken","7":"pa_brand-rukka","8":"pa_brand-type-workwear","9":"pa_filter-color-blau","10":"pa_filter-color-grau","11":"pa_filter-color-rot","12":"pa_filter-color-schwarz","14":"first","15":"instock","16":"taxable","17":"shipping-taxable","18":"purchasable","19":"product-type-variable","20":"add-to-wishlist-before_image"},"exclude_global_add_ons":[],"addons":[],"acf":[],"_links":{"self":[{"href":"https:\/\/shop.kustom.ch\/fr\/wp-json\/wp\/v2\/product\/724937"}],"collection":[{"href":"https:\/\/shop.kustom.ch\/fr\/wp-json\/wp\/v2\/product"}],"about":[{"href":"https:\/\/shop.kustom.ch\/fr\/wp-json\/wp\/v2\/types\/product"}],"wp:featuredmedia":[{"embeddable":true,"href":"https:\/\/shop.kustom.ch\/fr\/wp-json\/wp\/v2\/media\/724980"}],"wp:attachment":[{"href":"https:\/\/shop.kustom.ch\/fr\/wp-json\/wp\/v2\/media?parent=724937"}],"wp:term":[{"taxonomy":"product_brand","embeddable":true,"href":"https:\/\/shop.kustom.ch\/fr\/wp-json\/wp\/v2\/product_brand?post=724937"},{"taxonomy":"product_cat","embeddable":true,"href":"https:\/\/shop.kustom.ch\/fr\/wp-json\/wp\/v2\/product_cat?post=724937"},{"taxonomy":"product_tag","embeddable":true,"href":"https:\/\/shop.kustom.ch\/fr\/wp-json\/wp\/v2\/product_tag?post=724937"}],"curies":[{"name":"wp","href":"https:\/\/api.w.org\/{rel}","templated":true}]}}