{"id":724936,"date":"2026-04-01T18:48:22","date_gmt":"2026-04-01T17:48:22","guid":{"rendered":"https:\/\/shop.kustom.ch\/?post_type=product&#038;p=724936"},"modified":"2026-04-01T18:49:13","modified_gmt":"2026-04-01T17:49:13","slug":"lotti-damen-regenmantel","status":"publish","type":"product","link":"https:\/\/shop.kustom.ch\/fr\/produit\/lotti-damen-regenmantel\/","title":{"rendered":"Manteau de pluie pour femme Lotti"},"content":{"rendered":"<p>Lotti . Avec cet article, tu obtiens un superbe imperm\u00e9able dans de nombreuses couleurs. La belle coupe et les nombreux d\u00e9tails font de ce manteau un v\u00eatement de tous les jours. La longueur optimale et la membrane fonctionnelle prot\u00e8gent id\u00e9alement par temps froid et humide.<\/p>","protected":false},"excerpt":{"rendered":"<p>Lotti . Avec cet article, tu obtiens un superbe imperm\u00e9able dans de nombreuses couleurs. La belle coupe et les nombreux d\u00e9tails font de ce manteau un v\u00eatement de tous les jours. La longueur optimale et la membrane fonctionnelle prot\u00e8gent id\u00e9alement par temps froid et humide.<\/p>","protected":false},"featured_media":724970,"template":"","meta":[],"product_brand":[],"product_cat":[4186],"product_tag":[],"class_list":{"0":"post-724936","1":"product","2":"type-product","3":"status-publish","4":"has-post-thumbnail","6":"product_cat-jacken","7":"pa_brand-rukka","8":"pa_brand-type-workwear","9":"pa_filter-color-grau","11":"first","12":"instock","13":"taxable","14":"shipping-taxable","15":"purchasable","16":"product-type-variable","17":"add-to-wishlist-before_image"},"exclude_global_add_ons":[],"addons":[],"acf":[],"_links":{"self":[{"href":"https:\/\/shop.kustom.ch\/fr\/wp-json\/wp\/v2\/product\/724936"}],"collection":[{"href":"https:\/\/shop.kustom.ch\/fr\/wp-json\/wp\/v2\/product"}],"about":[{"href":"https:\/\/shop.kustom.ch\/fr\/wp-json\/wp\/v2\/types\/product"}],"wp:featuredmedia":[{"embeddable":true,"href":"https:\/\/shop.kustom.ch\/fr\/wp-json\/wp\/v2\/media\/724970"}],"wp:attachment":[{"href":"https:\/\/shop.kustom.ch\/fr\/wp-json\/wp\/v2\/media?parent=724936"}],"wp:term":[{"taxonomy":"product_brand","embeddable":true,"href":"https:\/\/shop.kustom.ch\/fr\/wp-json\/wp\/v2\/product_brand?post=724936"},{"taxonomy":"product_cat","embeddable":true,"href":"https:\/\/shop.kustom.ch\/fr\/wp-json\/wp\/v2\/product_cat?post=724936"},{"taxonomy":"product_tag","embeddable":true,"href":"https:\/\/shop.kustom.ch\/fr\/wp-json\/wp\/v2\/product_tag?post=724936"}],"curies":[{"name":"wp","href":"https:\/\/api.w.org\/{rel}","templated":true}]}}