{"id":724913,"date":"2026-04-01T18:47:57","date_gmt":"2026-04-01T17:47:57","guid":{"rendered":"https:\/\/shop.kustom.ch\/?post_type=product&#038;p=724913"},"modified":"2026-04-01T18:49:11","modified_gmt":"2026-04-01T17:49:11","slug":"shelter-herren-regenhose","status":"publish","type":"product","link":"https:\/\/shop.kustom.ch\/fr\/produit\/shelter-herren-regenhose\/","title":{"rendered":"Pantalon de pluie pour hommes Shelter"},"content":{"rendered":"<p>Shelter Trs. Ce pantalon de pluie super l\u00e9ger et \u00e9lastique peut \u00eatre rang\u00e9 partout. Gr\u00e2ce \u00e0 son tissu ext\u00e9rieur \u00e9lastique, il est agr\u00e9able \u00e0 porter pour les randonn\u00e9es actives.Poids total taille M = 140 g<\/p>","protected":false},"excerpt":{"rendered":"<p>Shelter Trs. Ce pantalon de pluie super l\u00e9ger et \u00e9lastique peut \u00eatre rang\u00e9 partout. Gr\u00e2ce \u00e0 son tissu ext\u00e9rieur \u00e9lastique, il est agr\u00e9able \u00e0 porter pour les randonn\u00e9es actives.Poids total taille M = 140 g<\/p>","protected":false},"featured_media":724954,"template":"","meta":[],"product_brand":[],"product_cat":[4185],"product_tag":[],"class_list":{"0":"post-724913","1":"product","2":"type-product","3":"status-publish","4":"has-post-thumbnail","6":"product_cat-hosen","7":"pa_brand-rukka","8":"pa_brand-type-workwear","9":"pa_filter-color-grau","10":"pa_filter-color-schwarz","12":"first","13":"instock","14":"taxable","15":"shipping-taxable","16":"purchasable","17":"product-type-variable","18":"add-to-wishlist-before_image"},"exclude_global_add_ons":[],"addons":[],"acf":[],"_links":{"self":[{"href":"https:\/\/shop.kustom.ch\/fr\/wp-json\/wp\/v2\/product\/724913"}],"collection":[{"href":"https:\/\/shop.kustom.ch\/fr\/wp-json\/wp\/v2\/product"}],"about":[{"href":"https:\/\/shop.kustom.ch\/fr\/wp-json\/wp\/v2\/types\/product"}],"wp:featuredmedia":[{"embeddable":true,"href":"https:\/\/shop.kustom.ch\/fr\/wp-json\/wp\/v2\/media\/724954"}],"wp:attachment":[{"href":"https:\/\/shop.kustom.ch\/fr\/wp-json\/wp\/v2\/media?parent=724913"}],"wp:term":[{"taxonomy":"product_brand","embeddable":true,"href":"https:\/\/shop.kustom.ch\/fr\/wp-json\/wp\/v2\/product_brand?post=724913"},{"taxonomy":"product_cat","embeddable":true,"href":"https:\/\/shop.kustom.ch\/fr\/wp-json\/wp\/v2\/product_cat?post=724913"},{"taxonomy":"product_tag","embeddable":true,"href":"https:\/\/shop.kustom.ch\/fr\/wp-json\/wp\/v2\/product_tag?post=724913"}],"curies":[{"name":"wp","href":"https:\/\/api.w.org\/{rel}","templated":true}]}}