{"id":724825,"date":"2026-04-01T18:46:31","date_gmt":"2026-04-01T17:46:31","guid":{"rendered":"https:\/\/shop.kustom.ch\/?post_type=product&#038;p=724825"},"modified":"2026-04-01T18:47:52","modified_gmt":"2026-04-01T17:47:52","slug":"shelter-herren-regenjacke","status":"publish","type":"product","link":"https:\/\/shop.kustom.ch\/fr\/produit\/shelter-herren-regenjacke\/","title":{"rendered":"Veste de pluie pour hommes Shelter"},"content":{"rendered":"<p>Le mod\u00e8le Shelter. C'est le compagnon id\u00e9al lorsqu'il s'agit d'emporter une veste peu encombrante et facile \u00e0 emballer. Le mat\u00e9riau stretch offre une bonne libert\u00e9 de mouvement et convient parfaitement comme protection contre les intemp\u00e9ries par-dessus une veste matelass\u00e9e ou une polaire. La couleur fluorescente offre une visibilit\u00e9 maximale de jour et est parfaitement adapt\u00e9e \u00e0 la circulation routi\u00e8re. Poids total taille M = 220 g<\/p>","protected":false},"excerpt":{"rendered":"<p>Le mod\u00e8le Shelter. C'est le compagnon id\u00e9al lorsqu'il s'agit d'emporter une veste peu encombrante et facile \u00e0 emballer. Le mat\u00e9riau stretch offre une bonne libert\u00e9 de mouvement et convient parfaitement comme protection contre les intemp\u00e9ries par-dessus une veste matelass\u00e9e ou une polaire. La couleur fluorescente offre une visibilit\u00e9 maximale de jour et est parfaitement adapt\u00e9e \u00e0 la circulation routi\u00e8re. Poids total taille M = 220 g<\/p>","protected":false},"featured_media":724870,"template":"","meta":[],"product_brand":[],"product_cat":[4186],"product_tag":[],"class_list":{"0":"post-724825","1":"product","2":"type-product","3":"status-publish","4":"has-post-thumbnail","6":"product_cat-jacken","7":"pa_brand-rukka","8":"pa_brand-type-workwear","9":"pa_filter-color-gelb","10":"pa_filter-color-grau","11":"pa_filter-color-gruen","12":"pa_filter-color-orange","13":"pa_filter-color-schwarz","15":"first","16":"instock","17":"taxable","18":"shipping-taxable","19":"purchasable","20":"product-type-variable","21":"add-to-wishlist-before_image"},"exclude_global_add_ons":[],"addons":[],"acf":[],"_links":{"self":[{"href":"https:\/\/shop.kustom.ch\/fr\/wp-json\/wp\/v2\/product\/724825"}],"collection":[{"href":"https:\/\/shop.kustom.ch\/fr\/wp-json\/wp\/v2\/product"}],"about":[{"href":"https:\/\/shop.kustom.ch\/fr\/wp-json\/wp\/v2\/types\/product"}],"wp:featuredmedia":[{"embeddable":true,"href":"https:\/\/shop.kustom.ch\/fr\/wp-json\/wp\/v2\/media\/724870"}],"wp:attachment":[{"href":"https:\/\/shop.kustom.ch\/fr\/wp-json\/wp\/v2\/media?parent=724825"}],"wp:term":[{"taxonomy":"product_brand","embeddable":true,"href":"https:\/\/shop.kustom.ch\/fr\/wp-json\/wp\/v2\/product_brand?post=724825"},{"taxonomy":"product_cat","embeddable":true,"href":"https:\/\/shop.kustom.ch\/fr\/wp-json\/wp\/v2\/product_cat?post=724825"},{"taxonomy":"product_tag","embeddable":true,"href":"https:\/\/shop.kustom.ch\/fr\/wp-json\/wp\/v2\/product_tag?post=724825"}],"curies":[{"name":"wp","href":"https:\/\/api.w.org\/{rel}","templated":true}]}}