{"id":724824,"date":"2026-04-01T18:46:31","date_gmt":"2026-04-01T17:46:31","guid":{"rendered":"https:\/\/shop.kustom.ch\/?post_type=product&#038;p=724824"},"modified":"2026-04-01T18:47:21","modified_gmt":"2026-04-01T17:47:21","slug":"mogli-kinder-winterlatzhose","status":"publish","type":"product","link":"https:\/\/shop.kustom.ch\/fr\/produit\/mogli-kinder-winterlatzhose\/","title":{"rendered":"Salopette d'hiver Mogli pour enfants"},"content":{"rendered":"<p>Le pantalon Mogli Trs. Le pantalon de match avec une doublure chaude en polaire tient non seulement bien chaud, mais il est aussi extr\u00eamement robuste et bien s\u00fbr totalement imperm\u00e9able.<\/p>","protected":false},"excerpt":{"rendered":"<p>Le pantalon Mogli Trs. Le pantalon de match avec une doublure chaude en polaire tient non seulement bien chaud, mais il est aussi extr\u00eamement robuste et bien s\u00fbr totalement imperm\u00e9able.<\/p>","protected":false},"featured_media":724852,"template":"","meta":[],"product_brand":[],"product_cat":[4185],"product_tag":[],"class_list":{"0":"post-724824","1":"product","2":"type-product","3":"status-publish","4":"has-post-thumbnail","6":"product_cat-hosen","7":"pa_brand-rukka","8":"pa_brand-type-workwear","9":"pa_filter-color-blau","11":"first","12":"instock","13":"taxable","14":"shipping-taxable","15":"purchasable","16":"product-type-variable","17":"add-to-wishlist-before_image"},"exclude_global_add_ons":[],"addons":[],"acf":[],"_links":{"self":[{"href":"https:\/\/shop.kustom.ch\/fr\/wp-json\/wp\/v2\/product\/724824"}],"collection":[{"href":"https:\/\/shop.kustom.ch\/fr\/wp-json\/wp\/v2\/product"}],"about":[{"href":"https:\/\/shop.kustom.ch\/fr\/wp-json\/wp\/v2\/types\/product"}],"wp:featuredmedia":[{"embeddable":true,"href":"https:\/\/shop.kustom.ch\/fr\/wp-json\/wp\/v2\/media\/724852"}],"wp:attachment":[{"href":"https:\/\/shop.kustom.ch\/fr\/wp-json\/wp\/v2\/media?parent=724824"}],"wp:term":[{"taxonomy":"product_brand","embeddable":true,"href":"https:\/\/shop.kustom.ch\/fr\/wp-json\/wp\/v2\/product_brand?post=724824"},{"taxonomy":"product_cat","embeddable":true,"href":"https:\/\/shop.kustom.ch\/fr\/wp-json\/wp\/v2\/product_cat?post=724824"},{"taxonomy":"product_tag","embeddable":true,"href":"https:\/\/shop.kustom.ch\/fr\/wp-json\/wp\/v2\/product_tag?post=724824"}],"curies":[{"name":"wp","href":"https:\/\/api.w.org\/{rel}","templated":true}]}}