{"id":724784,"date":"2026-04-01T18:46:00","date_gmt":"2026-04-01T17:46:00","guid":{"rendered":"https:\/\/shop.kustom.ch\/?post_type=product&#038;p=724784"},"modified":"2026-04-01T18:46:55","modified_gmt":"2026-04-01T17:46:55","slug":"mogli-kinder-winterregenjacke","status":"publish","type":"product","link":"https:\/\/shop.kustom.ch\/fr\/produit\/mogli-kinder-winterregenjacke\/","title":{"rendered":"Veste de pluie d'hiver pour enfants Mogli"},"content":{"rendered":"<p>Mogli Jkt. Extr\u00eamement robuste et l\u00e9ger \u00e0 la fois, \u00e9lastique et doubl\u00e9 de polaire chaude, Mogli r\u00e9siste \u00e0 toutes les flaques d'eau et peut \u00eatre port\u00e9 en hiver pour toutes les aventures en for\u00eat. Il suffit ensuite de le mettre dans la machine \u00e0 laver.<\/p>","protected":false},"excerpt":{"rendered":"<p>Mogli Jkt. Extr\u00eamement robuste et l\u00e9ger \u00e0 la fois, \u00e9lastique et doubl\u00e9 de polaire chaude, Mogli r\u00e9siste \u00e0 toutes les flaques d'eau et peut \u00eatre port\u00e9 en hiver pour toutes les aventures en for\u00eat. Il suffit ensuite de le mettre dans la machine \u00e0 laver.<\/p>","protected":false},"featured_media":724823,"template":"","meta":[],"product_brand":[],"product_cat":[4186],"product_tag":[],"class_list":{"0":"post-724784","1":"product","2":"type-product","3":"status-publish","4":"has-post-thumbnail","6":"product_cat-jacken","7":"pa_brand-rukka","8":"pa_brand-type-workwear","9":"pa_filter-color-blau","10":"pa_filter-color-pink","12":"first","13":"instock","14":"taxable","15":"shipping-taxable","16":"purchasable","17":"product-type-variable","18":"add-to-wishlist-before_image"},"exclude_global_add_ons":[],"addons":[],"acf":[],"_links":{"self":[{"href":"https:\/\/shop.kustom.ch\/fr\/wp-json\/wp\/v2\/product\/724784"}],"collection":[{"href":"https:\/\/shop.kustom.ch\/fr\/wp-json\/wp\/v2\/product"}],"about":[{"href":"https:\/\/shop.kustom.ch\/fr\/wp-json\/wp\/v2\/types\/product"}],"wp:featuredmedia":[{"embeddable":true,"href":"https:\/\/shop.kustom.ch\/fr\/wp-json\/wp\/v2\/media\/724823"}],"wp:attachment":[{"href":"https:\/\/shop.kustom.ch\/fr\/wp-json\/wp\/v2\/media?parent=724784"}],"wp:term":[{"taxonomy":"product_brand","embeddable":true,"href":"https:\/\/shop.kustom.ch\/fr\/wp-json\/wp\/v2\/product_brand?post=724784"},{"taxonomy":"product_cat","embeddable":true,"href":"https:\/\/shop.kustom.ch\/fr\/wp-json\/wp\/v2\/product_cat?post=724784"},{"taxonomy":"product_tag","embeddable":true,"href":"https:\/\/shop.kustom.ch\/fr\/wp-json\/wp\/v2\/product_tag?post=724784"}],"curies":[{"name":"wp","href":"https:\/\/api.w.org\/{rel}","templated":true}]}}