{"id":724753,"date":"2026-04-01T18:45:31","date_gmt":"2026-04-01T17:45:31","guid":{"rendered":"https:\/\/shop.kustom.ch\/?post_type=product&#038;p=724753"},"modified":"2026-04-01T18:46:27","modified_gmt":"2026-04-01T17:46:27","slug":"dinu-kinder-regen-latzhose","status":"publish","type":"product","link":"https:\/\/shop.kustom.ch\/fr\/produit\/dinu-kinder-regen-latzhose\/","title":{"rendered":"Salopette de pluie Dinu pour enfants"},"content":{"rendered":"<p>Dinu, c'est le nom de la marque. Elle permet \u00e0 votre enfant de traverser les \u00e9preuves. Elle est coup\u00e9e haut, avec des bretelles. Elle est dot\u00e9e de renforts suppl\u00e9mentaires au niveau des fesses et des genoux et est imperm\u00e9able et coupe-vent.<\/p>","protected":false},"excerpt":{"rendered":"<p>Dinu, c'est le nom de la marque. Elle permet \u00e0 votre enfant de traverser les \u00e9preuves. Elle est coup\u00e9e haut, avec des bretelles. Elle est dot\u00e9e de renforts suppl\u00e9mentaires au niveau des fesses et des genoux et est imperm\u00e9able et coupe-vent.<\/p>","protected":false},"featured_media":724772,"template":"","meta":[],"product_brand":[],"product_cat":[4185],"product_tag":[],"class_list":{"0":"post-724753","1":"product","2":"type-product","3":"status-publish","4":"has-post-thumbnail","6":"product_cat-hosen","7":"pa_brand-rukka","8":"pa_brand-type-workwear","9":"pa_filter-color-blau","10":"pa_filter-color-schwarz","11":"pa_filter-color-violet","13":"first","14":"instock","15":"taxable","16":"shipping-taxable","17":"purchasable","18":"product-type-variable","19":"add-to-wishlist-before_image"},"exclude_global_add_ons":[],"addons":[],"acf":[],"_links":{"self":[{"href":"https:\/\/shop.kustom.ch\/fr\/wp-json\/wp\/v2\/product\/724753"}],"collection":[{"href":"https:\/\/shop.kustom.ch\/fr\/wp-json\/wp\/v2\/product"}],"about":[{"href":"https:\/\/shop.kustom.ch\/fr\/wp-json\/wp\/v2\/types\/product"}],"wp:featuredmedia":[{"embeddable":true,"href":"https:\/\/shop.kustom.ch\/fr\/wp-json\/wp\/v2\/media\/724772"}],"wp:attachment":[{"href":"https:\/\/shop.kustom.ch\/fr\/wp-json\/wp\/v2\/media?parent=724753"}],"wp:term":[{"taxonomy":"product_brand","embeddable":true,"href":"https:\/\/shop.kustom.ch\/fr\/wp-json\/wp\/v2\/product_brand?post=724753"},{"taxonomy":"product_cat","embeddable":true,"href":"https:\/\/shop.kustom.ch\/fr\/wp-json\/wp\/v2\/product_cat?post=724753"},{"taxonomy":"product_tag","embeddable":true,"href":"https:\/\/shop.kustom.ch\/fr\/wp-json\/wp\/v2\/product_tag?post=724753"}],"curies":[{"name":"wp","href":"https:\/\/api.w.org\/{rel}","templated":true}]}}