{"id":724613,"date":"2026-04-01T18:43:20","date_gmt":"2026-04-01T17:43:20","guid":{"rendered":"https:\/\/shop.kustom.ch\/?post_type=product&#038;p=724613"},"modified":"2026-04-01T18:45:05","modified_gmt":"2026-04-01T17:45:05","slug":"travellight-kinder-regenjacke","status":"publish","type":"product","link":"https:\/\/shop.kustom.ch\/fr\/produit\/travellight-kinder-regenjacke\/","title":{"rendered":"Veste de pluie Travellight pour enfants"},"content":{"rendered":"<p>La veste Travellight Kids. Cette veste de pluie ultral\u00e9g\u00e8re est le compagnon id\u00e9al sur le chemin de l'\u00e9cole et en randonn\u00e9e. Emball\u00e9e dans la poche ext\u00e9rieure, elle prend tr\u00e8s peu de place et est toujours \u00e0 port\u00e9e de main en cas de changement de temps inattendu. Poids total taille 140 = env. 200g<\/p>","protected":false},"excerpt":{"rendered":"<p>La veste Travellight Kids. Cette veste de pluie ultral\u00e9g\u00e8re est le compagnon id\u00e9al sur le chemin de l'\u00e9cole et en randonn\u00e9e. Emball\u00e9e dans la poche ext\u00e9rieure, elle prend tr\u00e8s peu de place et est toujours \u00e0 port\u00e9e de main en cas de changement de temps inattendu. Poids total taille 140 = env. 200g<\/p>","protected":false},"featured_media":724657,"template":"","meta":[],"product_brand":[],"product_cat":[4186],"product_tag":[],"class_list":{"0":"post-724613","1":"product","2":"type-product","3":"status-publish","4":"has-post-thumbnail","6":"product_cat-jacken","7":"pa_brand-rukka","8":"pa_brand-type-workwear","9":"pa_filter-color-blau","10":"pa_filter-color-gruen","11":"pa_filter-color-orange","12":"pa_filter-color-pink","13":"pa_filter-color-schwarz","14":"pa_filter-color-violet","16":"first","17":"instock","18":"taxable","19":"shipping-taxable","20":"purchasable","21":"product-type-variable","22":"add-to-wishlist-before_image"},"exclude_global_add_ons":[],"addons":[],"acf":[],"_links":{"self":[{"href":"https:\/\/shop.kustom.ch\/fr\/wp-json\/wp\/v2\/product\/724613"}],"collection":[{"href":"https:\/\/shop.kustom.ch\/fr\/wp-json\/wp\/v2\/product"}],"about":[{"href":"https:\/\/shop.kustom.ch\/fr\/wp-json\/wp\/v2\/types\/product"}],"wp:featuredmedia":[{"embeddable":true,"href":"https:\/\/shop.kustom.ch\/fr\/wp-json\/wp\/v2\/media\/724657"}],"wp:attachment":[{"href":"https:\/\/shop.kustom.ch\/fr\/wp-json\/wp\/v2\/media?parent=724613"}],"wp:term":[{"taxonomy":"product_brand","embeddable":true,"href":"https:\/\/shop.kustom.ch\/fr\/wp-json\/wp\/v2\/product_brand?post=724613"},{"taxonomy":"product_cat","embeddable":true,"href":"https:\/\/shop.kustom.ch\/fr\/wp-json\/wp\/v2\/product_cat?post=724613"},{"taxonomy":"product_tag","embeddable":true,"href":"https:\/\/shop.kustom.ch\/fr\/wp-json\/wp\/v2\/product_tag?post=724613"}],"curies":[{"name":"wp","href":"https:\/\/api.w.org\/{rel}","templated":true}]}}