{"id":724612,"date":"2026-04-01T18:43:20","date_gmt":"2026-04-01T17:43:20","guid":{"rendered":"https:\/\/shop.kustom.ch\/?post_type=product&#038;p=724612"},"modified":"2026-04-01T18:44:14","modified_gmt":"2026-04-01T17:44:14","slug":"bubbles-kinder-regenoverall","status":"publish","type":"product","link":"https:\/\/shop.kustom.ch\/fr\/produit\/bubbles-kinder-regenoverall\/","title":{"rendered":"Bubbles Combinaison de pluie pour enfants"},"content":{"rendered":"<p>Bubbles . La combinaison boue, rien ne peut aller de travers, rien ne peut y entrer ! Imperm\u00e9able et coupe-vent, tissu \u00e9lastique pour une mobilit\u00e9 parfaite.<\/p>","protected":false},"excerpt":{"rendered":"<p>Bubbles . La combinaison boue, rien ne peut aller de travers, rien ne peut y entrer ! Imperm\u00e9able et coupe-vent, tissu \u00e9lastique pour une mobilit\u00e9 parfaite.<\/p>","protected":false},"featured_media":724650,"template":"","meta":[],"product_brand":[],"product_cat":[4186],"product_tag":[],"class_list":{"0":"post-724612","1":"product","2":"type-product","3":"status-publish","4":"has-post-thumbnail","6":"product_cat-jacken","7":"pa_brand-rukka","8":"pa_brand-type-workwear","9":"pa_filter-color-gruen","11":"first","12":"instock","13":"taxable","14":"shipping-taxable","15":"purchasable","16":"product-type-variable","17":"add-to-wishlist-before_image"},"exclude_global_add_ons":[],"addons":[],"acf":[],"_links":{"self":[{"href":"https:\/\/shop.kustom.ch\/fr\/wp-json\/wp\/v2\/product\/724612"}],"collection":[{"href":"https:\/\/shop.kustom.ch\/fr\/wp-json\/wp\/v2\/product"}],"about":[{"href":"https:\/\/shop.kustom.ch\/fr\/wp-json\/wp\/v2\/types\/product"}],"wp:featuredmedia":[{"embeddable":true,"href":"https:\/\/shop.kustom.ch\/fr\/wp-json\/wp\/v2\/media\/724650"}],"wp:attachment":[{"href":"https:\/\/shop.kustom.ch\/fr\/wp-json\/wp\/v2\/media?parent=724612"}],"wp:term":[{"taxonomy":"product_brand","embeddable":true,"href":"https:\/\/shop.kustom.ch\/fr\/wp-json\/wp\/v2\/product_brand?post=724612"},{"taxonomy":"product_cat","embeddable":true,"href":"https:\/\/shop.kustom.ch\/fr\/wp-json\/wp\/v2\/product_cat?post=724612"},{"taxonomy":"product_tag","embeddable":true,"href":"https:\/\/shop.kustom.ch\/fr\/wp-json\/wp\/v2\/product_tag?post=724612"}],"curies":[{"name":"wp","href":"https:\/\/api.w.org\/{rel}","templated":true}]}}