{"id":724582,"date":"2026-04-01T18:42:58","date_gmt":"2026-04-01T17:42:58","guid":{"rendered":"https:\/\/shop.kustom.ch\/?post_type=product&#038;p=724582"},"modified":"2026-04-01T18:44:11","modified_gmt":"2026-04-01T17:44:11","slug":"trek-kinder-wanderhose","status":"publish","type":"product","link":"https:\/\/shop.kustom.ch\/fr\/produit\/trek-kinder-wanderhose\/","title":{"rendered":"Trek pantalon de randonn\u00e9e enfants"},"content":{"rendered":"<p>Trek. Ces pantalons de randonn\u00e9e robustes mais tr\u00e8s l\u00e9gers et \u00e9lastiques pour les randonneurs en herbe disposent d'un syst\u00e8me zip-off qui permet de les porter \u00e9galement comme bermudas.<\/p>","protected":false},"excerpt":{"rendered":"<p>Trek. Ces pantalons de randonn\u00e9e robustes mais tr\u00e8s l\u00e9gers et \u00e9lastiques pour les randonneurs en herbe disposent d'un syst\u00e8me zip-off qui permet de les porter \u00e9galement comme bermudas.<\/p>","protected":false},"featured_media":724632,"template":"","meta":[],"product_brand":[],"product_cat":[4185],"product_tag":[],"class_list":{"0":"post-724582","1":"product","2":"type-product","3":"status-publish","4":"has-post-thumbnail","6":"product_cat-hosen","7":"pa_brand-rukka","8":"pa_brand-type-workwear","9":"pa_filter-color-grau","10":"pa_filter-color-gruen","12":"first","13":"instock","14":"taxable","15":"shipping-taxable","16":"purchasable","17":"product-type-variable","18":"add-to-wishlist-before_image"},"exclude_global_add_ons":[],"addons":[],"acf":[],"_links":{"self":[{"href":"https:\/\/shop.kustom.ch\/fr\/wp-json\/wp\/v2\/product\/724582"}],"collection":[{"href":"https:\/\/shop.kustom.ch\/fr\/wp-json\/wp\/v2\/product"}],"about":[{"href":"https:\/\/shop.kustom.ch\/fr\/wp-json\/wp\/v2\/types\/product"}],"wp:featuredmedia":[{"embeddable":true,"href":"https:\/\/shop.kustom.ch\/fr\/wp-json\/wp\/v2\/media\/724632"}],"wp:attachment":[{"href":"https:\/\/shop.kustom.ch\/fr\/wp-json\/wp\/v2\/media?parent=724582"}],"wp:term":[{"taxonomy":"product_brand","embeddable":true,"href":"https:\/\/shop.kustom.ch\/fr\/wp-json\/wp\/v2\/product_brand?post=724582"},{"taxonomy":"product_cat","embeddable":true,"href":"https:\/\/shop.kustom.ch\/fr\/wp-json\/wp\/v2\/product_cat?post=724582"},{"taxonomy":"product_tag","embeddable":true,"href":"https:\/\/shop.kustom.ch\/fr\/wp-json\/wp\/v2\/product_tag?post=724582"}],"curies":[{"name":"wp","href":"https:\/\/api.w.org\/{rel}","templated":true}]}}