{"id":724520,"date":"2026-04-01T18:42:03","date_gmt":"2026-04-01T17:42:03","guid":{"rendered":"https:\/\/shop.kustom.ch\/?post_type=product&#038;p=724520"},"modified":"2026-04-01T18:42:54","modified_gmt":"2026-04-01T17:42:54","slug":"shelter-kinder-regenhose","status":"publish","type":"product","link":"https:\/\/shop.kustom.ch\/fr\/produit\/shelter-kinder-regenhose\/","title":{"rendered":"Pantalon de pluie pour enfants Shelter"},"content":{"rendered":"<p>Shelter Kids Trs. Ce pantalon de pluie super l\u00e9ger et \u00e9lastique peut \u00eatre rang\u00e9 partout. Gr\u00e2ce \u00e0 son tissu ext\u00e9rieur \u00e9lastique, il est agr\u00e9able \u00e0 porter pour les randonn\u00e9es actives.Poids total taille 128 = 100 g<\/p>","protected":false},"excerpt":{"rendered":"<p>Shelter Kids Trs. Ce pantalon de pluie super l\u00e9ger et \u00e9lastique peut \u00eatre rang\u00e9 partout. Gr\u00e2ce \u00e0 son tissu ext\u00e9rieur \u00e9lastique, il est agr\u00e9able \u00e0 porter pour les randonn\u00e9es actives.Poids total taille 128 = 100 g<\/p>","protected":false},"featured_media":724561,"template":"","meta":[],"product_brand":[],"product_cat":[4185],"product_tag":[],"class_list":{"0":"post-724520","1":"product","2":"type-product","3":"status-publish","4":"has-post-thumbnail","6":"product_cat-hosen","7":"pa_brand-rukka","8":"pa_brand-type-workwear","9":"pa_filter-color-grau","10":"pa_filter-color-schwarz","12":"first","13":"instock","14":"taxable","15":"shipping-taxable","16":"purchasable","17":"product-type-variable","18":"add-to-wishlist-before_image"},"exclude_global_add_ons":[],"addons":[],"acf":[],"_links":{"self":[{"href":"https:\/\/shop.kustom.ch\/fr\/wp-json\/wp\/v2\/product\/724520"}],"collection":[{"href":"https:\/\/shop.kustom.ch\/fr\/wp-json\/wp\/v2\/product"}],"about":[{"href":"https:\/\/shop.kustom.ch\/fr\/wp-json\/wp\/v2\/types\/product"}],"wp:featuredmedia":[{"embeddable":true,"href":"https:\/\/shop.kustom.ch\/fr\/wp-json\/wp\/v2\/media\/724561"}],"wp:attachment":[{"href":"https:\/\/shop.kustom.ch\/fr\/wp-json\/wp\/v2\/media?parent=724520"}],"wp:term":[{"taxonomy":"product_brand","embeddable":true,"href":"https:\/\/shop.kustom.ch\/fr\/wp-json\/wp\/v2\/product_brand?post=724520"},{"taxonomy":"product_cat","embeddable":true,"href":"https:\/\/shop.kustom.ch\/fr\/wp-json\/wp\/v2\/product_cat?post=724520"},{"taxonomy":"product_tag","embeddable":true,"href":"https:\/\/shop.kustom.ch\/fr\/wp-json\/wp\/v2\/product_tag?post=724520"}],"curies":[{"name":"wp","href":"https:\/\/api.w.org\/{rel}","templated":true}]}}