{"id":724488,"date":"2026-04-01T18:41:32","date_gmt":"2026-04-01T17:41:32","guid":{"rendered":"https:\/\/shop.kustom.ch\/?post_type=product&#038;p=724488"},"modified":"2026-04-01T18:42:50","modified_gmt":"2026-04-01T17:42:50","slug":"muddy-kinder-regenhose","status":"publish","type":"product","link":"https:\/\/shop.kustom.ch\/fr\/produit\/muddy-kinder-regenhose\/","title":{"rendered":"Pantalon de pluie Muddy pour enfants"},"content":{"rendered":"<p>Muddy . Le pantalon de pluie pratique Muddy est tr\u00e8s robuste, \u00e9lastique et pourtant facile \u00e0 porter. 100% imperm\u00e9able et coupe-vent, nous vous laissons volontiers sous la pluie.<\/p>","protected":false},"excerpt":{"rendered":"<p>Muddy . Le pantalon de pluie pratique Muddy est tr\u00e8s robuste, \u00e9lastique et pourtant facile \u00e0 porter. 100% imperm\u00e9able et coupe-vent, nous vous laissons volontiers sous la pluie.<\/p>","protected":false},"featured_media":724519,"template":"","meta":[],"product_brand":[],"product_cat":[4185],"product_tag":[],"class_list":{"0":"post-724488","1":"product","2":"type-product","3":"status-publish","4":"has-post-thumbnail","6":"product_cat-hosen","7":"pa_brand-rukka","8":"pa_brand-type-workwear","9":"pa_filter-color-blau","10":"pa_filter-color-gelb","11":"pa_filter-color-schwarz","13":"first","14":"instock","15":"taxable","16":"shipping-taxable","17":"purchasable","18":"product-type-variable","19":"add-to-wishlist-before_image"},"exclude_global_add_ons":[],"addons":[],"acf":[],"_links":{"self":[{"href":"https:\/\/shop.kustom.ch\/fr\/wp-json\/wp\/v2\/product\/724488"}],"collection":[{"href":"https:\/\/shop.kustom.ch\/fr\/wp-json\/wp\/v2\/product"}],"about":[{"href":"https:\/\/shop.kustom.ch\/fr\/wp-json\/wp\/v2\/types\/product"}],"wp:featuredmedia":[{"embeddable":true,"href":"https:\/\/shop.kustom.ch\/fr\/wp-json\/wp\/v2\/media\/724519"}],"wp:attachment":[{"href":"https:\/\/shop.kustom.ch\/fr\/wp-json\/wp\/v2\/media?parent=724488"}],"wp:term":[{"taxonomy":"product_brand","embeddable":true,"href":"https:\/\/shop.kustom.ch\/fr\/wp-json\/wp\/v2\/product_brand?post=724488"},{"taxonomy":"product_cat","embeddable":true,"href":"https:\/\/shop.kustom.ch\/fr\/wp-json\/wp\/v2\/product_cat?post=724488"},{"taxonomy":"product_tag","embeddable":true,"href":"https:\/\/shop.kustom.ch\/fr\/wp-json\/wp\/v2\/product_tag?post=724488"}],"curies":[{"name":"wp","href":"https:\/\/api.w.org\/{rel}","templated":true}]}}