{"id":724359,"date":"2026-04-01T18:39:47","date_gmt":"2026-04-01T17:39:47","guid":{"rendered":"https:\/\/shop.kustom.ch\/?post_type=product&#038;p=724359"},"modified":"2026-04-01T18:41:25","modified_gmt":"2026-04-01T17:41:25","slug":"puck-kinder-regenjacke","status":"publish","type":"product","link":"https:\/\/shop.kustom.ch\/fr\/produit\/puck-kinder-regenjacke\/","title":{"rendered":"Veste de pluie pour enfants Puck"},"content":{"rendered":"<p>Puck. Cette veste de pluie color\u00e9e garde vos enfants toujours au sec et la membrane les prot\u00e8ge bien s\u00fbr aussi du vent. Deux poches ext\u00e9rieures et une poche int\u00e9rieure sont tout aussi pratiques que la capuche fixe et r\u00e9glable.<\/p>","protected":false},"excerpt":{"rendered":"<p>Puck. Cette veste de pluie color\u00e9e garde vos enfants toujours au sec et la membrane les prot\u00e8ge bien s\u00fbr aussi du vent. Deux poches ext\u00e9rieures et une poche int\u00e9rieure sont tout aussi pratiques que la capuche fixe et r\u00e9glable.<\/p>","protected":false},"featured_media":724376,"template":"","meta":[],"product_brand":[],"product_cat":[4186],"product_tag":[],"class_list":{"0":"post-724359","1":"product","2":"type-product","3":"status-publish","4":"has-post-thumbnail","6":"product_cat-jacken","7":"pa_brand-rukka","8":"pa_brand-type-workwear","9":"pa_filter-color-blau","10":"pa_filter-color-braun","11":"pa_filter-color-gelb","12":"pa_filter-color-gruen","13":"pa_filter-color-pink","14":"pa_filter-color-rot","15":"pa_filter-color-violet","17":"first","18":"instock","19":"taxable","20":"shipping-taxable","21":"purchasable","22":"product-type-variable","23":"add-to-wishlist-before_image"},"exclude_global_add_ons":[],"addons":[],"acf":[],"_links":{"self":[{"href":"https:\/\/shop.kustom.ch\/fr\/wp-json\/wp\/v2\/product\/724359"}],"collection":[{"href":"https:\/\/shop.kustom.ch\/fr\/wp-json\/wp\/v2\/product"}],"about":[{"href":"https:\/\/shop.kustom.ch\/fr\/wp-json\/wp\/v2\/types\/product"}],"wp:featuredmedia":[{"embeddable":true,"href":"https:\/\/shop.kustom.ch\/fr\/wp-json\/wp\/v2\/media\/724376"}],"wp:attachment":[{"href":"https:\/\/shop.kustom.ch\/fr\/wp-json\/wp\/v2\/media?parent=724359"}],"wp:term":[{"taxonomy":"product_brand","embeddable":true,"href":"https:\/\/shop.kustom.ch\/fr\/wp-json\/wp\/v2\/product_brand?post=724359"},{"taxonomy":"product_cat","embeddable":true,"href":"https:\/\/shop.kustom.ch\/fr\/wp-json\/wp\/v2\/product_cat?post=724359"},{"taxonomy":"product_tag","embeddable":true,"href":"https:\/\/shop.kustom.ch\/fr\/wp-json\/wp\/v2\/product_tag?post=724359"}],"curies":[{"name":"wp","href":"https:\/\/api.w.org\/{rel}","templated":true}]}}