{"id":724238,"date":"2026-04-01T18:38:01","date_gmt":"2026-04-01T17:38:01","guid":{"rendered":"https:\/\/shop.kustom.ch\/?post_type=product&#038;p=724238"},"modified":"2026-04-01T18:40:07","modified_gmt":"2026-04-01T17:40:07","slug":"rush-kinder-skihose","status":"publish","type":"product","link":"https:\/\/shop.kustom.ch\/fr\/produit\/rush-kinder-skihose\/","title":{"rendered":"Rush pantalon de ski pour enfants"},"content":{"rendered":"<p>Rush. Les enfants seront ravis de ce pantalon de ski fonctionnel avec poches cargo et protection des bords. Ce pantalon est le compagnon id\u00e9al pour les pistes et r\u00e9siste \u00e0 toutes les conditions m\u00e9t\u00e9orologiques gr\u00e2ce \u00e0 son \u00e9tanch\u00e9it\u00e9 absolue \u00e0 l'eau et au vent. Ainsi, m\u00eame les plus petits peuvent profiter pleinement du ski et s'amuser sans souci.<\/p>","protected":false},"excerpt":{"rendered":"<p>Rush. Les enfants seront ravis de ce pantalon de ski fonctionnel avec poches cargo et protection des bords. Ce pantalon est le compagnon id\u00e9al pour les pistes et r\u00e9siste \u00e0 toutes les conditions m\u00e9t\u00e9orologiques gr\u00e2ce \u00e0 son \u00e9tanch\u00e9it\u00e9 absolue \u00e0 l'eau et au vent. Ainsi, m\u00eame les plus petits peuvent profiter pleinement du ski et s'amuser sans souci.<\/p>","protected":false},"featured_media":724276,"template":"","meta":[],"product_brand":[],"product_cat":[4185],"product_tag":[],"class_list":{"0":"post-724238","1":"product","2":"type-product","3":"status-publish","4":"has-post-thumbnail","6":"product_cat-hosen","7":"pa_brand-rukka","8":"pa_brand-type-workwear","9":"pa_filter-color-blau","10":"pa_filter-color-braun","11":"pa_filter-color-gelb","12":"pa_filter-color-grau","13":"pa_filter-color-gruen","14":"pa_filter-color-orange","15":"pa_filter-color-rot","16":"pa_filter-color-schwarz","18":"first","19":"instock","20":"taxable","21":"shipping-taxable","22":"purchasable","23":"product-type-variable","24":"add-to-wishlist-before_image"},"exclude_global_add_ons":[],"addons":[],"acf":[],"_links":{"self":[{"href":"https:\/\/shop.kustom.ch\/fr\/wp-json\/wp\/v2\/product\/724238"}],"collection":[{"href":"https:\/\/shop.kustom.ch\/fr\/wp-json\/wp\/v2\/product"}],"about":[{"href":"https:\/\/shop.kustom.ch\/fr\/wp-json\/wp\/v2\/types\/product"}],"wp:featuredmedia":[{"embeddable":true,"href":"https:\/\/shop.kustom.ch\/fr\/wp-json\/wp\/v2\/media\/724276"}],"wp:attachment":[{"href":"https:\/\/shop.kustom.ch\/fr\/wp-json\/wp\/v2\/media?parent=724238"}],"wp:term":[{"taxonomy":"product_brand","embeddable":true,"href":"https:\/\/shop.kustom.ch\/fr\/wp-json\/wp\/v2\/product_brand?post=724238"},{"taxonomy":"product_cat","embeddable":true,"href":"https:\/\/shop.kustom.ch\/fr\/wp-json\/wp\/v2\/product_cat?post=724238"},{"taxonomy":"product_tag","embeddable":true,"href":"https:\/\/shop.kustom.ch\/fr\/wp-json\/wp\/v2\/product_tag?post=724238"}],"curies":[{"name":"wp","href":"https:\/\/api.w.org\/{rel}","templated":true}]}}