{"id":724205,"date":"2026-04-01T18:37:36","date_gmt":"2026-04-01T17:37:36","guid":{"rendered":"https:\/\/shop.kustom.ch\/?post_type=product&#038;p=724205"},"modified":"2026-04-01T18:38:25","modified_gmt":"2026-04-01T17:38:25","slug":"lalino-kinder-unterwaesche-set","status":"publish","type":"product","link":"https:\/\/shop.kustom.ch\/fr\/produit\/lalino-kinder-unterwaesche-set\/","title":{"rendered":"Lalino Ensemble de sous-v\u00eatements pour enfants"},"content":{"rendered":"<p>Ensemble Lalino. Cette belle et tr\u00e8s agr\u00e9able lingerie thermique s\u00e8che rapidement et est agr\u00e9ablement chaude gr\u00e2ce \u00e0 son int\u00e9rieur gratt\u00e9.<\/p>","protected":false},"excerpt":{"rendered":"<p>Ensemble Lalino. Cette belle et tr\u00e8s agr\u00e9able lingerie thermique s\u00e8che rapidement et est agr\u00e9ablement chaude gr\u00e2ce \u00e0 son int\u00e9rieur gratt\u00e9.<\/p>","protected":false},"featured_media":724236,"template":"","meta":[],"product_brand":[],"product_cat":[4206],"product_tag":[],"class_list":{"0":"post-724205","1":"product","2":"type-product","3":"status-publish","4":"has-post-thumbnail","6":"product_cat-underwear","7":"pa_brand-rukka","8":"pa_brand-type-workwear","9":"pa_filter-color-grau","11":"first","12":"instock","13":"taxable","14":"shipping-taxable","15":"purchasable","16":"product-type-variable","17":"add-to-wishlist-before_image"},"exclude_global_add_ons":[],"addons":[],"acf":[],"_links":{"self":[{"href":"https:\/\/shop.kustom.ch\/fr\/wp-json\/wp\/v2\/product\/724205"}],"collection":[{"href":"https:\/\/shop.kustom.ch\/fr\/wp-json\/wp\/v2\/product"}],"about":[{"href":"https:\/\/shop.kustom.ch\/fr\/wp-json\/wp\/v2\/types\/product"}],"wp:featuredmedia":[{"embeddable":true,"href":"https:\/\/shop.kustom.ch\/fr\/wp-json\/wp\/v2\/media\/724236"}],"wp:attachment":[{"href":"https:\/\/shop.kustom.ch\/fr\/wp-json\/wp\/v2\/media?parent=724205"}],"wp:term":[{"taxonomy":"product_brand","embeddable":true,"href":"https:\/\/shop.kustom.ch\/fr\/wp-json\/wp\/v2\/product_brand?post=724205"},{"taxonomy":"product_cat","embeddable":true,"href":"https:\/\/shop.kustom.ch\/fr\/wp-json\/wp\/v2\/product_cat?post=724205"},{"taxonomy":"product_tag","embeddable":true,"href":"https:\/\/shop.kustom.ch\/fr\/wp-json\/wp\/v2\/product_tag?post=724205"}],"curies":[{"name":"wp","href":"https:\/\/api.w.org\/{rel}","templated":true}]}}