{"id":724087,"date":"2026-04-01T18:35:52","date_gmt":"2026-04-01T17:35:52","guid":{"rendered":"https:\/\/shop.kustom.ch\/?post_type=product&#038;p=724087"},"modified":"2026-04-01T18:37:04","modified_gmt":"2026-04-01T17:37:04","slug":"stitch-kinder-thermo-jacke","status":"publish","type":"product","link":"https:\/\/shop.kustom.ch\/fr\/produit\/stitch-kinder-thermo-jacke\/","title":{"rendered":"Veste thermique Stitch pour enfants"},"content":{"rendered":"<p>Stitch (point de couture). Cette veste matelass\u00e9e styl\u00e9e est disponible dans de nombreuses combinaisons de couleurs attrayantes et, gr\u00e2ce \u00e0 son rembourrage de 100g\/m\u00b2, elle est id\u00e9ale comme veste de transition ou comme deuxi\u00e8me couche sous une veste de pluie.<\/p>","protected":false},"excerpt":{"rendered":"<p>Stitch (point de couture). Cette veste matelass\u00e9e styl\u00e9e est disponible dans de nombreuses combinaisons de couleurs attrayantes et, gr\u00e2ce \u00e0 son rembourrage de 100g\/m\u00b2, elle est id\u00e9ale comme veste de transition ou comme deuxi\u00e8me couche sous une veste de pluie.<\/p>","protected":false},"featured_media":724114,"template":"","meta":[],"product_brand":[],"product_cat":[4186],"product_tag":[],"class_list":{"0":"post-724087","1":"product","2":"type-product","3":"status-publish","4":"has-post-thumbnail","6":"product_cat-jacken","7":"pa_brand-rukka","8":"pa_brand-type-workwear","9":"pa_filter-color-blau","10":"pa_filter-color-gruen","11":"pa_filter-color-rot","13":"first","14":"instock","15":"taxable","16":"shipping-taxable","17":"purchasable","18":"product-type-variable","19":"add-to-wishlist-before_image"},"exclude_global_add_ons":[],"addons":[],"acf":[],"_links":{"self":[{"href":"https:\/\/shop.kustom.ch\/fr\/wp-json\/wp\/v2\/product\/724087"}],"collection":[{"href":"https:\/\/shop.kustom.ch\/fr\/wp-json\/wp\/v2\/product"}],"about":[{"href":"https:\/\/shop.kustom.ch\/fr\/wp-json\/wp\/v2\/types\/product"}],"wp:featuredmedia":[{"embeddable":true,"href":"https:\/\/shop.kustom.ch\/fr\/wp-json\/wp\/v2\/media\/724114"}],"wp:attachment":[{"href":"https:\/\/shop.kustom.ch\/fr\/wp-json\/wp\/v2\/media?parent=724087"}],"wp:term":[{"taxonomy":"product_brand","embeddable":true,"href":"https:\/\/shop.kustom.ch\/fr\/wp-json\/wp\/v2\/product_brand?post=724087"},{"taxonomy":"product_cat","embeddable":true,"href":"https:\/\/shop.kustom.ch\/fr\/wp-json\/wp\/v2\/product_cat?post=724087"},{"taxonomy":"product_tag","embeddable":true,"href":"https:\/\/shop.kustom.ch\/fr\/wp-json\/wp\/v2\/product_tag?post=724087"}],"curies":[{"name":"wp","href":"https:\/\/api.w.org\/{rel}","templated":true}]}}