{"id":724059,"date":"2026-04-01T18:35:26","date_gmt":"2026-04-01T17:35:26","guid":{"rendered":"https:\/\/shop.kustom.ch\/?post_type=product&#038;p=724059"},"modified":"2026-04-01T18:36:38","modified_gmt":"2026-04-01T17:36:38","slug":"terence-herren-fleece-jacke","status":"publish","type":"product","link":"https:\/\/shop.kustom.ch\/fr\/produit\/terence-herren-fleece-jacke\/","title":{"rendered":"Veste polaire pour hommes Terence"},"content":{"rendered":"<p>Terence. Ext\u00e9rieur en polaire tricot\u00e9e et int\u00e9rieur en polaire normale. Un renfort en tissu sur les \u00e9paules et en bas des bras. Elle tient bien chaud, m\u00eame si tu n'as pas tr\u00e8s chaud au c\u0153ur.<\/p>","protected":false},"excerpt":{"rendered":"<p>Terence. Ext\u00e9rieur en polaire tricot\u00e9e et int\u00e9rieur en polaire normale. Un renfort en tissu sur les \u00e9paules et en bas des bras. Elle tient bien chaud, m\u00eame si tu n'as pas tr\u00e8s chaud au c\u0153ur.<\/p>","protected":false},"featured_media":724094,"template":"","meta":[],"product_brand":[],"product_cat":[4186],"product_tag":[],"class_list":{"0":"post-724059","1":"product","2":"type-product","3":"status-publish","4":"has-post-thumbnail","6":"product_cat-jacken","7":"pa_brand-rukka","8":"pa_brand-type-workwear","9":"pa_filter-color-blau","10":"pa_filter-color-grau","12":"first","13":"instock","14":"taxable","15":"shipping-taxable","16":"purchasable","17":"product-type-variable","18":"add-to-wishlist-before_image"},"exclude_global_add_ons":[],"addons":[],"acf":[],"_links":{"self":[{"href":"https:\/\/shop.kustom.ch\/fr\/wp-json\/wp\/v2\/product\/724059"}],"collection":[{"href":"https:\/\/shop.kustom.ch\/fr\/wp-json\/wp\/v2\/product"}],"about":[{"href":"https:\/\/shop.kustom.ch\/fr\/wp-json\/wp\/v2\/types\/product"}],"wp:featuredmedia":[{"embeddable":true,"href":"https:\/\/shop.kustom.ch\/fr\/wp-json\/wp\/v2\/media\/724094"}],"wp:attachment":[{"href":"https:\/\/shop.kustom.ch\/fr\/wp-json\/wp\/v2\/media?parent=724059"}],"wp:term":[{"taxonomy":"product_brand","embeddable":true,"href":"https:\/\/shop.kustom.ch\/fr\/wp-json\/wp\/v2\/product_brand?post=724059"},{"taxonomy":"product_cat","embeddable":true,"href":"https:\/\/shop.kustom.ch\/fr\/wp-json\/wp\/v2\/product_cat?post=724059"},{"taxonomy":"product_tag","embeddable":true,"href":"https:\/\/shop.kustom.ch\/fr\/wp-json\/wp\/v2\/product_tag?post=724059"}],"curies":[{"name":"wp","href":"https:\/\/api.w.org\/{rel}","templated":true}]}}