{"id":724058,"date":"2026-04-01T18:35:26","date_gmt":"2026-04-01T17:35:26","guid":{"rendered":"https:\/\/shop.kustom.ch\/?post_type=product&#038;p=724058"},"modified":"2026-04-01T18:36:12","modified_gmt":"2026-04-01T17:36:12","slug":"bianco-fleece-jacke","status":"publish","type":"product","link":"https:\/\/shop.kustom.ch\/fr\/produit\/bianco-fleece-jacke\/","title":{"rendered":"Veste polaire Bianco"},"content":{"rendered":"<p>Bianco . Micro-polaire anti-boulochage 100% coupe-vent, respirant (5000), doublure Windbloc, manches d\u00e9tachables, 2 poches ext\u00e9rieures et 2 poches int\u00e9rieures, cordon de serrage \u00e0 l'ourlet.<br \/>\n&nbsp;<\/p>","protected":false},"excerpt":{"rendered":"<p>Bianco . Micro-polaire anti-boulochage 100% coupe-vent, respirant (5000), doublure Windbloc, manches d\u00e9tachables, 2 poches ext\u00e9rieures et 2 poches int\u00e9rieures, cordon de serrage \u00e0 l'ourlet. &nbsp;<\/p>","protected":false},"featured_media":724086,"template":"","meta":[],"product_brand":[],"product_cat":[4186],"product_tag":[],"class_list":{"0":"post-724058","1":"product","2":"type-product","3":"status-publish","4":"has-post-thumbnail","6":"product_cat-jacken","7":"pa_brand-rukka","8":"pa_brand-type-workwear","9":"pa_filter-color-weiss","11":"first","12":"instock","13":"taxable","14":"shipping-taxable","15":"purchasable","16":"product-type-variable","17":"add-to-wishlist-before_image"},"exclude_global_add_ons":[],"addons":[],"acf":[],"_links":{"self":[{"href":"https:\/\/shop.kustom.ch\/fr\/wp-json\/wp\/v2\/product\/724058"}],"collection":[{"href":"https:\/\/shop.kustom.ch\/fr\/wp-json\/wp\/v2\/product"}],"about":[{"href":"https:\/\/shop.kustom.ch\/fr\/wp-json\/wp\/v2\/types\/product"}],"wp:featuredmedia":[{"embeddable":true,"href":"https:\/\/shop.kustom.ch\/fr\/wp-json\/wp\/v2\/media\/724086"}],"wp:attachment":[{"href":"https:\/\/shop.kustom.ch\/fr\/wp-json\/wp\/v2\/media?parent=724058"}],"wp:term":[{"taxonomy":"product_brand","embeddable":true,"href":"https:\/\/shop.kustom.ch\/fr\/wp-json\/wp\/v2\/product_brand?post=724058"},{"taxonomy":"product_cat","embeddable":true,"href":"https:\/\/shop.kustom.ch\/fr\/wp-json\/wp\/v2\/product_cat?post=724058"},{"taxonomy":"product_tag","embeddable":true,"href":"https:\/\/shop.kustom.ch\/fr\/wp-json\/wp\/v2\/product_tag?post=724058"}],"curies":[{"name":"wp","href":"https:\/\/api.w.org\/{rel}","templated":true}]}}