{"id":724007,"date":"2026-04-01T18:34:19","date_gmt":"2026-04-01T17:34:19","guid":{"rendered":"https:\/\/shop.kustom.ch\/?post_type=product&#038;p=724007"},"modified":"2026-04-01T18:35:18","modified_gmt":"2026-04-01T17:35:18","slug":"kangaroo-unisex-regenhose","status":"publish","type":"product","link":"https:\/\/shop.kustom.ch\/fr\/produit\/kangaroo-unisex-regenhose\/","title":{"rendered":"Pantalon de pluie unisexe Kangaroo"},"content":{"rendered":"<p>Pantalon Kangourou. Ce pantalon de pluie l\u00e9ger et pliable prend peu de place, ce qui permet de l'avoir toujours \u00e0 port\u00e9e de main dans la voiture, le sac \u00e0 dos ou le sac d'entra\u00eenement.<\/p>","protected":false},"excerpt":{"rendered":"<p>Pantalon Kangourou. Ce pantalon de pluie l\u00e9ger et pliable prend peu de place, ce qui permet de l'avoir toujours \u00e0 port\u00e9e de main dans la voiture, le sac \u00e0 dos ou le sac d'entra\u00eenement.<\/p>","protected":false},"featured_media":724037,"template":"","meta":[],"product_brand":[],"product_cat":[4185],"product_tag":[],"class_list":{"0":"post-724007","1":"product","2":"type-product","3":"status-publish","4":"has-post-thumbnail","6":"product_cat-hosen","7":"pa_brand-rukka","8":"pa_brand-type-workwear","9":"pa_filter-color-schwarz","11":"first","12":"instock","13":"taxable","14":"shipping-taxable","15":"purchasable","16":"product-type-variable","17":"add-to-wishlist-before_image"},"exclude_global_add_ons":[],"addons":[],"acf":[],"_links":{"self":[{"href":"https:\/\/shop.kustom.ch\/fr\/wp-json\/wp\/v2\/product\/724007"}],"collection":[{"href":"https:\/\/shop.kustom.ch\/fr\/wp-json\/wp\/v2\/product"}],"about":[{"href":"https:\/\/shop.kustom.ch\/fr\/wp-json\/wp\/v2\/types\/product"}],"wp:featuredmedia":[{"embeddable":true,"href":"https:\/\/shop.kustom.ch\/fr\/wp-json\/wp\/v2\/media\/724037"}],"wp:attachment":[{"href":"https:\/\/shop.kustom.ch\/fr\/wp-json\/wp\/v2\/media?parent=724007"}],"wp:term":[{"taxonomy":"product_brand","embeddable":true,"href":"https:\/\/shop.kustom.ch\/fr\/wp-json\/wp\/v2\/product_brand?post=724007"},{"taxonomy":"product_cat","embeddable":true,"href":"https:\/\/shop.kustom.ch\/fr\/wp-json\/wp\/v2\/product_cat?post=724007"},{"taxonomy":"product_tag","embeddable":true,"href":"https:\/\/shop.kustom.ch\/fr\/wp-json\/wp\/v2\/product_tag?post=724007"}],"curies":[{"name":"wp","href":"https:\/\/api.w.org\/{rel}","templated":true}]}}