{"id":724005,"date":"2026-04-01T18:34:19","date_gmt":"2026-04-01T17:34:19","guid":{"rendered":"https:\/\/shop.kustom.ch\/?post_type=product&#038;p=724005"},"modified":"2026-04-01T18:34:44","modified_gmt":"2026-04-01T17:34:44","slug":"stefanie-damen-regenhose","status":"publish","type":"product","link":"https:\/\/shop.kustom.ch\/fr\/produit\/stefanie-damen-regenhose\/","title":{"rendered":"Pantalon de pluie Stefanie pour femmes"},"content":{"rendered":"<p>Stefanie . Ce pantalon de pluie dispose d'une fermeture \u00e9clair lat\u00e9rale sur toute la longueur, ce qui facilite extr\u00eamement l'enfilage rapide.<\/p>","protected":false},"excerpt":{"rendered":"<p>Stefanie . Ce pantalon de pluie dispose d'une fermeture \u00e9clair lat\u00e9rale sur toute la longueur, ce qui facilite extr\u00eamement l'enfilage rapide.<\/p>","protected":false},"featured_media":724018,"template":"","meta":[],"product_brand":[],"product_cat":[4185],"product_tag":[],"class_list":{"0":"post-724005","1":"product","2":"type-product","3":"status-publish","4":"has-post-thumbnail","6":"product_cat-hosen","7":"pa_brand-rukka","8":"pa_brand-type-workwear","9":"pa_filter-color-schwarz","11":"first","12":"instock","13":"taxable","14":"shipping-taxable","15":"purchasable","16":"product-type-variable","17":"add-to-wishlist-before_image"},"exclude_global_add_ons":[],"addons":[],"acf":[],"_links":{"self":[{"href":"https:\/\/shop.kustom.ch\/fr\/wp-json\/wp\/v2\/product\/724005"}],"collection":[{"href":"https:\/\/shop.kustom.ch\/fr\/wp-json\/wp\/v2\/product"}],"about":[{"href":"https:\/\/shop.kustom.ch\/fr\/wp-json\/wp\/v2\/types\/product"}],"wp:featuredmedia":[{"embeddable":true,"href":"https:\/\/shop.kustom.ch\/fr\/wp-json\/wp\/v2\/media\/724018"}],"wp:attachment":[{"href":"https:\/\/shop.kustom.ch\/fr\/wp-json\/wp\/v2\/media?parent=724005"}],"wp:term":[{"taxonomy":"product_brand","embeddable":true,"href":"https:\/\/shop.kustom.ch\/fr\/wp-json\/wp\/v2\/product_brand?post=724005"},{"taxonomy":"product_cat","embeddable":true,"href":"https:\/\/shop.kustom.ch\/fr\/wp-json\/wp\/v2\/product_cat?post=724005"},{"taxonomy":"product_tag","embeddable":true,"href":"https:\/\/shop.kustom.ch\/fr\/wp-json\/wp\/v2\/product_tag?post=724005"}],"curies":[{"name":"wp","href":"https:\/\/api.w.org\/{rel}","templated":true}]}}