{"id":723964,"date":"2026-04-01T18:33:44","date_gmt":"2026-04-01T17:33:44","guid":{"rendered":"https:\/\/shop.kustom.ch\/?post_type=product&#038;p=723964"},"modified":"2026-04-01T18:34:42","modified_gmt":"2026-04-01T17:34:42","slug":"warnweste","status":"publish","type":"product","link":"https:\/\/shop.kustom.ch\/fr\/produit\/warnweste\/","title":{"rendered":"Gilet de s\u00e9curit\u00e9"},"content":{"rendered":"<p>Gilet de s\u00e9curit\u00e9 \u00e0 haute visibilit\u00e9. Certifi\u00e9 selon la norme EN ISO 20471 Cl. 1. Gilet de signalisation en filet ultral\u00e9ger en PES de haute qualit\u00e9. Fermeture velcro variable. Article livr\u00e9 dans un \u00e9tui.<\/p>","protected":false},"excerpt":{"rendered":"<p>Gilet de s\u00e9curit\u00e9 \u00e0 haute visibilit\u00e9. Certifi\u00e9 selon la norme EN ISO 20471 Cl. 1. Gilet de signalisation en filet ultral\u00e9ger en PES de haute qualit\u00e9. Fermeture velcro variable. Article livr\u00e9 dans un \u00e9tui.<\/p>","protected":false},"featured_media":724010,"template":"","meta":[],"product_brand":[],"product_cat":[4208],"product_tag":[],"class_list":{"0":"post-723964","1":"product","2":"type-product","3":"status-publish","4":"has-post-thumbnail","6":"product_cat-westen","7":"pa_brand-rukka","8":"pa_brand-type-workwear","9":"pa_filter-color-gelb","10":"pa_filter-color-orange","12":"first","13":"instock","14":"taxable","15":"shipping-taxable","16":"purchasable","17":"product-type-variable","18":"add-to-wishlist-before_image"},"exclude_global_add_ons":[],"addons":[],"acf":[],"_links":{"self":[{"href":"https:\/\/shop.kustom.ch\/fr\/wp-json\/wp\/v2\/product\/723964"}],"collection":[{"href":"https:\/\/shop.kustom.ch\/fr\/wp-json\/wp\/v2\/product"}],"about":[{"href":"https:\/\/shop.kustom.ch\/fr\/wp-json\/wp\/v2\/types\/product"}],"wp:featuredmedia":[{"embeddable":true,"href":"https:\/\/shop.kustom.ch\/fr\/wp-json\/wp\/v2\/media\/724010"}],"wp:attachment":[{"href":"https:\/\/shop.kustom.ch\/fr\/wp-json\/wp\/v2\/media?parent=723964"}],"wp:term":[{"taxonomy":"product_brand","embeddable":true,"href":"https:\/\/shop.kustom.ch\/fr\/wp-json\/wp\/v2\/product_brand?post=723964"},{"taxonomy":"product_cat","embeddable":true,"href":"https:\/\/shop.kustom.ch\/fr\/wp-json\/wp\/v2\/product_cat?post=723964"},{"taxonomy":"product_tag","embeddable":true,"href":"https:\/\/shop.kustom.ch\/fr\/wp-json\/wp\/v2\/product_tag?post=723964"}],"curies":[{"name":"wp","href":"https:\/\/api.w.org\/{rel}","templated":true}]}}