{"id":723914,"date":"2026-04-01T18:32:12","date_gmt":"2026-04-01T17:32:12","guid":{"rendered":"https:\/\/shop.kustom.ch\/?post_type=product&#038;p=723914"},"modified":"2026-04-01T18:34:11","modified_gmt":"2026-04-01T17:34:11","slug":"baltic-security-jacke","status":"publish","type":"product","link":"https:\/\/shop.kustom.ch\/fr\/produit\/baltic-security-jacke\/","title":{"rendered":"Veste de s\u00e9curit\u00e9 Baltic"},"content":{"rendered":"<p>Veste Baltic. Excellente protection contre le vent et les intemp\u00e9ries avec une visibilit\u00e9 maximale. Certifi\u00e9e selon EN ISO 20471 Cl. 3. La veste Baltic dispose de nombreuses poches ext\u00e9rieures et int\u00e9rieures, d'une capuche d\u00e9tachable et peut \u00eatre compl\u00e9t\u00e9e par la veste int\u00e9rieure Balta pour la saison froide.<\/p>","protected":false},"excerpt":{"rendered":"<p>Veste Baltic. Excellente protection contre le vent et les intemp\u00e9ries avec une visibilit\u00e9 maximale. Certifi\u00e9e selon EN ISO 20471 Cl. 3. La veste Baltic dispose de nombreuses poches ext\u00e9rieures et int\u00e9rieures, d'une capuche d\u00e9tachable et peut \u00eatre compl\u00e9t\u00e9e par la veste int\u00e9rieure Balta pour la saison froide.<\/p>","protected":false},"featured_media":723962,"template":"","meta":[],"product_brand":[],"product_cat":[4186],"product_tag":[],"class_list":{"0":"post-723914","1":"product","2":"type-product","3":"status-publish","4":"has-post-thumbnail","6":"product_cat-jacken","7":"pa_brand-rukka","8":"pa_brand-type-workwear","9":"pa_filter-color-gelb","10":"pa_filter-color-orange","12":"first","13":"instock","14":"taxable","15":"shipping-taxable","16":"purchasable","17":"product-type-variable","18":"add-to-wishlist-before_image"},"exclude_global_add_ons":[],"addons":[],"acf":[],"_links":{"self":[{"href":"https:\/\/shop.kustom.ch\/fr\/wp-json\/wp\/v2\/product\/723914"}],"collection":[{"href":"https:\/\/shop.kustom.ch\/fr\/wp-json\/wp\/v2\/product"}],"about":[{"href":"https:\/\/shop.kustom.ch\/fr\/wp-json\/wp\/v2\/types\/product"}],"wp:featuredmedia":[{"embeddable":true,"href":"https:\/\/shop.kustom.ch\/fr\/wp-json\/wp\/v2\/media\/723962"}],"wp:attachment":[{"href":"https:\/\/shop.kustom.ch\/fr\/wp-json\/wp\/v2\/media?parent=723914"}],"wp:term":[{"taxonomy":"product_brand","embeddable":true,"href":"https:\/\/shop.kustom.ch\/fr\/wp-json\/wp\/v2\/product_brand?post=723914"},{"taxonomy":"product_cat","embeddable":true,"href":"https:\/\/shop.kustom.ch\/fr\/wp-json\/wp\/v2\/product_cat?post=723914"},{"taxonomy":"product_tag","embeddable":true,"href":"https:\/\/shop.kustom.ch\/fr\/wp-json\/wp\/v2\/product_tag?post=723914"}],"curies":[{"name":"wp","href":"https:\/\/api.w.org\/{rel}","templated":true}]}}