{"id":723889,"date":"2026-04-01T18:31:24","date_gmt":"2026-04-01T17:31:24","guid":{"rendered":"https:\/\/shop.kustom.ch\/?post_type=product&#038;p=723889"},"modified":"2026-04-01T18:33:40","modified_gmt":"2026-04-01T17:33:40","slug":"joshi-kinder-regenjacke","status":"publish","type":"product","link":"https:\/\/shop.kustom.ch\/fr\/produit\/joshi-kinder-regenjacke\/","title":{"rendered":"Veste de pluie pour enfants Joshi"},"content":{"rendered":"<p>Joshi Jkt. Robuste et pourtant tr\u00e8s l\u00e9g\u00e8re, la Joshi r\u00e9siste \u00e0 toutes les aventures dans les flaques. La veste de pluie est absolument imperm\u00e9able, \u00e9lastique et tr\u00e8s facile \u00e0 entretenir. (Lavable en machine).<\/p>","protected":false},"excerpt":{"rendered":"<p>Joshi Jkt. Robuste et pourtant tr\u00e8s l\u00e9g\u00e8re, la Joshi r\u00e9siste \u00e0 toutes les aventures dans les flaques. La veste de pluie est absolument imperm\u00e9able, \u00e9lastique et tr\u00e8s facile \u00e0 entretenir. (Lavable en machine).<\/p>","protected":false},"featured_media":723942,"template":"","meta":[],"product_brand":[],"product_cat":[4186],"product_tag":[],"class_list":{"0":"post-723889","1":"product","2":"type-product","3":"status-publish","4":"has-post-thumbnail","6":"product_cat-jacken","7":"pa_brand-rukka","8":"pa_brand-type-workwear","9":"pa_filter-color-blau","10":"pa_filter-color-gelb","12":"first","13":"instock","14":"taxable","15":"shipping-taxable","16":"purchasable","17":"product-type-variable","18":"add-to-wishlist-before_image"},"exclude_global_add_ons":[],"addons":[],"acf":[],"_links":{"self":[{"href":"https:\/\/shop.kustom.ch\/fr\/wp-json\/wp\/v2\/product\/723889"}],"collection":[{"href":"https:\/\/shop.kustom.ch\/fr\/wp-json\/wp\/v2\/product"}],"about":[{"href":"https:\/\/shop.kustom.ch\/fr\/wp-json\/wp\/v2\/types\/product"}],"wp:featuredmedia":[{"embeddable":true,"href":"https:\/\/shop.kustom.ch\/fr\/wp-json\/wp\/v2\/media\/723942"}],"wp:attachment":[{"href":"https:\/\/shop.kustom.ch\/fr\/wp-json\/wp\/v2\/media?parent=723889"}],"wp:term":[{"taxonomy":"product_brand","embeddable":true,"href":"https:\/\/shop.kustom.ch\/fr\/wp-json\/wp\/v2\/product_brand?post=723889"},{"taxonomy":"product_cat","embeddable":true,"href":"https:\/\/shop.kustom.ch\/fr\/wp-json\/wp\/v2\/product_cat?post=723889"},{"taxonomy":"product_tag","embeddable":true,"href":"https:\/\/shop.kustom.ch\/fr\/wp-json\/wp\/v2\/product_tag?post=723889"}],"curies":[{"name":"wp","href":"https:\/\/api.w.org\/{rel}","templated":true}]}}