{"id":723817,"date":"2026-04-01T17:41:39","date_gmt":"2026-04-01T16:41:39","guid":{"rendered":"https:\/\/shop.kustom.ch\/?post_type=product&#038;p=723817"},"modified":"2026-04-01T18:31:44","modified_gmt":"2026-04-01T17:31:44","slug":"rea-cotton-socken","status":"publish","type":"product","link":"https:\/\/shop.kustom.ch\/fr\/produit\/rea-cotton-socken\/","title":{"rendered":"Chaussettes Rea Cotton"},"content":{"rendered":"<p>Rea . Cette chaussette en coton doux pour l'hiver - Made in Italy - est un mod\u00e8le que l'on ne veut plus enlever. Elle offre un confort maximal d\u00e8s qu'on l'enfile. Le talon et les orteils sont renforc\u00e9s pour une plus grande durabilit\u00e9. S=35-38, M=39-42, L=43-46<\/p>","protected":false},"excerpt":{"rendered":"<p>Rea . Cette chaussette en coton doux pour l'hiver - Made in Italy - est un mod\u00e8le que l'on ne veut plus enlever. Elle offre un confort maximal d\u00e8s qu'on l'enfile. Le talon et les orteils sont renforc\u00e9s pour une plus grande durabilit\u00e9. S=35-38, M=39-42, L=43-46<\/p>","protected":false},"featured_media":723887,"template":"","meta":[],"product_brand":[],"product_cat":[4199],"product_tag":[],"class_list":{"0":"post-723817","1":"product","2":"type-product","3":"status-publish","4":"has-post-thumbnail","6":"product_cat-socken","7":"pa_brand-rukka","8":"pa_brand-type-workwear","9":"pa_filter-color-blau","10":"pa_filter-color-gruen","11":"pa_filter-color-orange","13":"first","14":"instock","15":"taxable","16":"shipping-taxable","17":"purchasable","18":"product-type-variable","19":"add-to-wishlist-before_image"},"exclude_global_add_ons":[],"addons":[],"acf":[],"_links":{"self":[{"href":"https:\/\/shop.kustom.ch\/fr\/wp-json\/wp\/v2\/product\/723817"}],"collection":[{"href":"https:\/\/shop.kustom.ch\/fr\/wp-json\/wp\/v2\/product"}],"about":[{"href":"https:\/\/shop.kustom.ch\/fr\/wp-json\/wp\/v2\/types\/product"}],"wp:featuredmedia":[{"embeddable":true,"href":"https:\/\/shop.kustom.ch\/fr\/wp-json\/wp\/v2\/media\/723887"}],"wp:attachment":[{"href":"https:\/\/shop.kustom.ch\/fr\/wp-json\/wp\/v2\/media?parent=723817"}],"wp:term":[{"taxonomy":"product_brand","embeddable":true,"href":"https:\/\/shop.kustom.ch\/fr\/wp-json\/wp\/v2\/product_brand?post=723817"},{"taxonomy":"product_cat","embeddable":true,"href":"https:\/\/shop.kustom.ch\/fr\/wp-json\/wp\/v2\/product_cat?post=723817"},{"taxonomy":"product_tag","embeddable":true,"href":"https:\/\/shop.kustom.ch\/fr\/wp-json\/wp\/v2\/product_tag?post=723817"}],"curies":[{"name":"wp","href":"https:\/\/api.w.org\/{rel}","templated":true}]}}