{"id":723762,"date":"2026-04-01T17:38:53","date_gmt":"2026-04-01T16:38:53","guid":{"rendered":"https:\/\/shop.kustom.ch\/?post_type=product&#038;p=723762"},"modified":"2026-04-01T18:29:51","modified_gmt":"2026-04-01T17:29:51","slug":"gloves-handschuhe","status":"publish","type":"product","link":"https:\/\/shop.kustom.ch\/fr\/produit\/gloves-handschuhe\/","title":{"rendered":"Gloves Gants"},"content":{"rendered":"<p>Gants de protection. Gant outdoor doux et agr\u00e9able. Se porte presque comme une seconde peau. Id\u00e9al pour la marche, le trekking ou comme sous-gant pour les jours les plus froids. L'index permet d'utiliser le t\u00e9l\u00e9phone portable et la tablette.<\/p>","protected":false},"excerpt":{"rendered":"<p>Gants de protection. Gant outdoor doux et agr\u00e9able. Se porte presque comme une seconde peau. Id\u00e9al pour la marche, le trekking ou comme sous-gant pour les jours les plus froids. L'index permet d'utiliser le t\u00e9l\u00e9phone portable et la tablette.<\/p>","protected":false},"featured_media":723842,"template":"","meta":[],"product_brand":[],"product_cat":[4209],"product_tag":[],"class_list":{"0":"post-723762","1":"product","2":"type-product","3":"status-publish","4":"has-post-thumbnail","6":"product_cat-zubehoer","7":"pa_brand-rukka","8":"pa_brand-type-workwear","9":"pa_filter-color-schwarz","11":"first","12":"instock","13":"taxable","14":"shipping-taxable","15":"purchasable","16":"product-type-variable","17":"add-to-wishlist-before_image"},"exclude_global_add_ons":[],"addons":[],"acf":[],"_links":{"self":[{"href":"https:\/\/shop.kustom.ch\/fr\/wp-json\/wp\/v2\/product\/723762"}],"collection":[{"href":"https:\/\/shop.kustom.ch\/fr\/wp-json\/wp\/v2\/product"}],"about":[{"href":"https:\/\/shop.kustom.ch\/fr\/wp-json\/wp\/v2\/types\/product"}],"wp:featuredmedia":[{"embeddable":true,"href":"https:\/\/shop.kustom.ch\/fr\/wp-json\/wp\/v2\/media\/723842"}],"wp:attachment":[{"href":"https:\/\/shop.kustom.ch\/fr\/wp-json\/wp\/v2\/media?parent=723762"}],"wp:term":[{"taxonomy":"product_brand","embeddable":true,"href":"https:\/\/shop.kustom.ch\/fr\/wp-json\/wp\/v2\/product_brand?post=723762"},{"taxonomy":"product_cat","embeddable":true,"href":"https:\/\/shop.kustom.ch\/fr\/wp-json\/wp\/v2\/product_cat?post=723762"},{"taxonomy":"product_tag","embeddable":true,"href":"https:\/\/shop.kustom.ch\/fr\/wp-json\/wp\/v2\/product_tag?post=723762"}],"curies":[{"name":"wp","href":"https:\/\/api.w.org\/{rel}","templated":true}]}}